{"id":1045,"date":"2023-02-28T09:06:58","date_gmt":"2023-02-28T08:06:58","guid":{"rendered":"https:\/\/amicale-retraites-bretignolles-sur-mer.fr\/?page_id=1045"},"modified":"2025-06-22T16:35:09","modified_gmt":"2025-06-22T14:35:09","slug":"fete-de-la-musique","status":"publish","type":"page","link":"https:\/\/amicale-retraites-bretignolles-sur-mer.fr\/index.php\/fete-de-la-musique\/","title":{"rendered":"F\u00eate de la musique"},"content":{"rendered":"\t\t<div data-elementor-type=\"wp-page\" data-elementor-id=\"1045\" class=\"elementor elementor-1045\">\n\t\t\t\t\t\t<section class=\"elementor-section elementor-top-section elementor-element elementor-element-eb07441 elementor-section-boxed elementor-section-height-default elementor-section-height-default\" data-id=\"eb07441\" data-element_type=\"section\" data-e-type=\"section\">\n\t\t\t\t\t\t<div class=\"elementor-container elementor-column-gap-default\">\n\t\t\t\t\t<div class=\"elementor-column elementor-col-100 elementor-top-column elementor-element elementor-element-21db89b\" data-id=\"21db89b\" data-element_type=\"column\" data-e-type=\"column\">\n\t\t\t<div class=\"elementor-widget-wrap elementor-element-populated\">\n\t\t\t\t\t\t<div class=\"elementor-element elementor-element-9c0a515 elementor-widget elementor-widget-spacer\" data-id=\"9c0a515\" data-element_type=\"widget\" data-e-type=\"widget\" data-widget_type=\"spacer.default\">\n\t\t\t\t<div class=\"elementor-widget-container\">\n\t\t\t\t\t\t\t<div class=\"elementor-spacer\">\n\t\t\t<div class=\"elementor-spacer-inner\"><\/div>\n\t\t<\/div>\n\t\t\t\t\t\t<\/div>\n\t\t\t\t<\/div>\n\t\t\t\t\t<\/div>\n\t\t<\/div>\n\t\t\t\t\t<\/div>\n\t\t<\/section>\n\t\t\t\t<section class=\"elementor-section elementor-top-section elementor-element elementor-element-a4c9c8f elementor-section-boxed elementor-section-height-default elementor-section-height-default\" data-id=\"a4c9c8f\" data-element_type=\"section\" data-e-type=\"section\">\n\t\t\t\t\t\t<div class=\"elementor-container elementor-column-gap-default\">\n\t\t\t\t\t<div class=\"elementor-column elementor-col-100 elementor-top-column elementor-element elementor-element-bb2fe10\" data-id=\"bb2fe10\" data-element_type=\"column\" data-e-type=\"column\">\n\t\t\t<div class=\"elementor-widget-wrap elementor-element-populated\">\n\t\t\t\t\t\t<div class=\"elementor-element elementor-element-59b4e43 elementor-widget elementor-widget-heading\" data-id=\"59b4e43\" data-element_type=\"widget\" data-e-type=\"widget\" data-widget_type=\"heading.default\">\n\t\t\t\t<div class=\"elementor-widget-container\">\n\t\t\t\t\t<h2 class=\"elementor-heading-title elementor-size-default\">21 Juin, f\u00eate de la Musique<\/h2>\t\t\t\t<\/div>\n\t\t\t\t<\/div>\n\t\t\t\t\t<\/div>\n\t\t<\/div>\n\t\t\t\t\t<\/div>\n\t\t<\/section>\n\t\t\t\t<section class=\"elementor-section elementor-top-section elementor-element elementor-element-21bf2a0 elementor-section-boxed elementor-section-height-default elementor-section-height-default\" data-id=\"21bf2a0\" data-element_type=\"section\" data-e-type=\"section\">\n\t\t\t\t\t\t<div class=\"elementor-container elementor-column-gap-default\">\n\t\t\t\t\t<div class=\"elementor-column elementor-col-100 elementor-top-column elementor-element elementor-element-b746f09\" data-id=\"b746f09\" data-element_type=\"column\" data-e-type=\"column\">\n\t\t\t<div class=\"elementor-widget-wrap elementor-element-populated\">\n\t\t\t\t\t\t<div class=\"elementor-element elementor-element-90e1522 elementor-widget elementor-widget-image\" data-id=\"90e1522\" data-element_type=\"widget\" data-e-type=\"widget\" data-widget_type=\"image.default\">\n\t\t\t\t<div class=\"elementor-widget-container\">\n\t\t\t\t\t\t\t\t\t\t\t\t\t\t\t<img decoding=\"async\" src=\"http:\/\/amicale-retraites-bretignolles-sur-mer.fr\/wp-content\/uploads\/2025\/06\/fetemusique.jpg\" title=\"\" alt=\"\" loading=\"lazy\" \/>\t\t\t\t\t\t\t\t\t\t\t\t\t\t\t<\/div>\n\t\t\t\t<\/div>\n\t\t\t\t\t<\/div>\n\t\t<\/div>\n\t\t\t\t\t<\/div>\n\t\t<\/section>\n\t\t\t\t<section class=\"elementor-section elementor-top-section elementor-element elementor-element-680d9aa elementor-section-boxed elementor-section-height-default elementor-section-height-default\" data-id=\"680d9aa\" data-element_type=\"section\" data-e-type=\"section\">\n\t\t\t\t\t\t<div class=\"elementor-container elementor-column-gap-default\">\n\t\t\t\t\t<div class=\"elementor-column elementor-col-100 elementor-top-column elementor-element elementor-element-0350008\" data-id=\"0350008\" data-element_type=\"column\" data-e-type=\"column\">\n\t\t\t<div class=\"elementor-widget-wrap elementor-element-populated\">\n\t\t\t\t\t\t<div class=\"elementor-element elementor-element-053d012 elementor-widget elementor-widget-text-editor\" data-id=\"053d012\" data-element_type=\"widget\" data-e-type=\"widget\" data-widget_type=\"text-editor.default\">\n\t\t\t\t<div class=\"elementor-widget-container\">\n\t\t\t\t\t\t\t\t\t<p>C&rsquo;est sous une chaleur \u00e9crasante que d\u00e9bute la f\u00eate de la musique de ce 21 Juin 2025, heureusement, le ciel s&rsquo;est couvert, ce qui a permis aux Danses Country, \u00e0 la Chorale et aux 2 groupes musicaux de l&rsquo;Amicale de se produire, devant la Maison des Jardins et aux Halles dans de meilleures conditions ! Succ\u00e8s total, le public, nombreux, \u00e9tait enchant\u00e9 de nos diff\u00e9rentes prestations !<\/p>\t\t\t\t\t\t\t\t<\/div>\n\t\t\t\t<\/div>\n\t\t\t\t\t<\/div>\n\t\t<\/div>\n\t\t\t\t\t<\/div>\n\t\t<\/section>\n\t\t\t\t<section class=\"elementor-section elementor-top-section elementor-element elementor-element-1a2966f elementor-section-boxed elementor-section-height-default elementor-section-height-default\" data-id=\"1a2966f\" data-element_type=\"section\" data-e-type=\"section\">\n\t\t\t\t\t\t<div class=\"elementor-container elementor-column-gap-default\">\n\t\t\t\t\t<div class=\"elementor-column elementor-col-100 elementor-top-column elementor-element elementor-element-bf32025\" data-id=\"bf32025\" data-element_type=\"column\" data-e-type=\"column\">\n\t\t\t<div class=\"elementor-widget-wrap elementor-element-populated\">\n\t\t\t\t\t\t<div class=\"elementor-element elementor-element-594c014 elementor-align-center elementor-widget elementor-widget-button\" data-id=\"594c014\" data-element_type=\"widget\" data-e-type=\"widget\" data-widget_type=\"button.default\">\n\t\t\t\t<div class=\"elementor-widget-container\">\n\t\t\t\t\t\t\t\t\t<div class=\"elementor-button-wrapper\">\n\t\t\t\t\t<a class=\"elementor-button elementor-button-link elementor-size-sm\" href=\"https:\/\/photos.app.goo.gl\/4NnuB5axw34QEGcZ8\" target=\"_blank\">\n\t\t\t\t\t\t<span class=\"elementor-button-content-wrapper\">\n\t\t\t\t\t\t\t\t\t<span class=\"elementor-button-text\">Les photos de la f\u00eate de la musique 2025<\/span>\n\t\t\t\t\t<\/span>\n\t\t\t\t\t<\/a>\n\t\t\t\t<\/div>\n\t\t\t\t\t\t\t\t<\/div>\n\t\t\t\t<\/div>\n\t\t\t\t\t<\/div>\n\t\t<\/div>\n\t\t\t\t\t<\/div>\n\t\t<\/section>\n\t\t\t\t<section class=\"elementor-section elementor-top-section elementor-element elementor-element-64f12f1 elementor-section-boxed elementor-section-height-default elementor-section-height-default\" data-id=\"64f12f1\" data-element_type=\"section\" data-e-type=\"section\">\n\t\t\t\t\t\t<div class=\"elementor-container elementor-column-gap-default\">\n\t\t\t\t\t<div class=\"elementor-column elementor-col-100 elementor-top-column elementor-element elementor-element-3f937e2\" data-id=\"3f937e2\" data-element_type=\"column\" data-e-type=\"column\">\n\t\t\t<div class=\"elementor-widget-wrap elementor-element-populated\">\n\t\t\t\t\t\t<div class=\"elementor-element elementor-element-f3af649 elementor-widget elementor-widget-image\" data-id=\"f3af649\" data-element_type=\"widget\" data-e-type=\"widget\" data-widget_type=\"image.default\">\n\t\t\t\t<div class=\"elementor-widget-container\">\n\t\t\t\t\t\t\t\t\t\t\t\t\t\t\t<img fetchpriority=\"high\" decoding=\"async\" width=\"1024\" height=\"1008\" src=\"https:\/\/amicale-retraites-bretignolles-sur-mer.fr\/wp-content\/uploads\/2025\/06\/Fete-de-la-musique-1024x1008.png\" class=\"attachment-large size-large wp-image-15310\" alt=\"\" srcset=\"https:\/\/amicale-retraites-bretignolles-sur-mer.fr\/wp-content\/uploads\/2025\/06\/Fete-de-la-musique-1024x1008.png 1024w, https:\/\/amicale-retraites-bretignolles-sur-mer.fr\/wp-content\/uploads\/2025\/06\/Fete-de-la-musique-300x295.png 300w, https:\/\/amicale-retraites-bretignolles-sur-mer.fr\/wp-content\/uploads\/2025\/06\/Fete-de-la-musique-768x756.png 768w, https:\/\/amicale-retraites-bretignolles-sur-mer.fr\/wp-content\/uploads\/2025\/06\/Fete-de-la-musique.png 1354w\" sizes=\"(max-width: 1024px) 100vw, 1024px\" \/>\t\t\t\t\t\t\t\t\t\t\t\t\t\t\t<\/div>\n\t\t\t\t<\/div>\n\t\t\t\t\t<\/div>\n\t\t<\/div>\n\t\t\t\t\t<\/div>\n\t\t<\/section>\n\t\t\t\t<section class=\"elementor-section elementor-top-section elementor-element elementor-element-e39af09 elementor-section-boxed elementor-section-height-default elementor-section-height-default\" data-id=\"e39af09\" data-element_type=\"section\" data-e-type=\"section\">\n\t\t\t\t\t\t<div class=\"elementor-container elementor-column-gap-default\">\n\t\t\t\t\t<div class=\"elementor-column elementor-col-100 elementor-top-column elementor-element elementor-element-46371b4\" data-id=\"46371b4\" data-element_type=\"column\" data-e-type=\"column\">\n\t\t\t<div class=\"elementor-widget-wrap elementor-element-populated\">\n\t\t\t\t\t\t<div class=\"elementor-element elementor-element-fa02f04 elementor-widget elementor-widget-image\" data-id=\"fa02f04\" data-element_type=\"widget\" data-e-type=\"widget\" data-widget_type=\"image.default\">\n\t\t\t\t<div class=\"elementor-widget-container\">\n\t\t\t\t\t\t\t\t\t\t\t\t\t\t\t<img decoding=\"async\" width=\"1024\" height=\"706\" src=\"https:\/\/amicale-retraites-bretignolles-sur-mer.fr\/wp-content\/uploads\/2025\/06\/Capture-decran-2025-06-04-170219-1024x706.png\" class=\"attachment-large size-large wp-image-15272\" alt=\"\" srcset=\"https:\/\/amicale-retraites-bretignolles-sur-mer.fr\/wp-content\/uploads\/2025\/06\/Capture-decran-2025-06-04-170219-1024x706.png 1024w, https:\/\/amicale-retraites-bretignolles-sur-mer.fr\/wp-content\/uploads\/2025\/06\/Capture-decran-2025-06-04-170219-300x207.png 300w, https:\/\/amicale-retraites-bretignolles-sur-mer.fr\/wp-content\/uploads\/2025\/06\/Capture-decran-2025-06-04-170219-768x530.png 768w, https:\/\/amicale-retraites-bretignolles-sur-mer.fr\/wp-content\/uploads\/2025\/06\/Capture-decran-2025-06-04-170219.png 1108w\" sizes=\"(max-width: 1024px) 100vw, 1024px\" \/>\t\t\t\t\t\t\t\t\t\t\t\t\t\t\t<\/div>\n\t\t\t\t<\/div>\n\t\t\t\t\t<\/div>\n\t\t<\/div>\n\t\t\t\t\t<\/div>\n\t\t<\/section>\n\t\t\t\t<section class=\"elementor-section elementor-top-section elementor-element elementor-element-8c249c5 elementor-section-boxed elementor-section-height-default elementor-section-height-default\" data-id=\"8c249c5\" data-element_type=\"section\" data-e-type=\"section\">\n\t\t\t\t\t\t<div class=\"elementor-container elementor-column-gap-default\">\n\t\t\t\t\t<div class=\"elementor-column elementor-col-100 elementor-top-column elementor-element elementor-element-d4909d3\" data-id=\"d4909d3\" data-element_type=\"column\" data-e-type=\"column\">\n\t\t\t<div class=\"elementor-widget-wrap elementor-element-populated\">\n\t\t\t\t\t\t<div class=\"elementor-element elementor-element-a560a13 elementor-widget elementor-widget-text-editor\" data-id=\"a560a13\" data-element_type=\"widget\" data-e-type=\"widget\" data-widget_type=\"text-editor.default\">\n\t\t\t\t<div class=\"elementor-widget-container\">\n\t\t\t\t\t\t\t\t\t<p>La F\u00eate de la musique a \u00e9t\u00e9 fix\u00e9e \u00e0 une date unique et symbolique, le 21 juin, jour du solstice d\u2019\u00e9t\u00e9. Grande manifestation populaire gratuite et ouverte \u00e0 tous les musiciens, amateurs de tous niveaux ou professionnels, elle c\u00e9l\u00e8bre la musique vivante et met en valeur l\u2019ampleur et la diversit\u00e9 des pratiques musicales, ainsi que tous les genres musicaux. Elle s\u2019adresse \u00e0 tous les publics et contribue \u00e0 familiariser \u00e0 toutes les expressions musicales les jeunes et les moins jeunes de toutes conditions sociales.<\/p><h2>Une grande f\u00eate populaire gratuite\u00a0<\/h2><p>Depuis sa cr\u00e9ation par le minist\u00e8re de la Culture, en 1982, les communes rurales et les petites, moyennes ou grandes villes de France s\u2019investissent pour faire du 21 juin un moment privil\u00e9gi\u00e9, expression de la vie musicale dans son ensemble et reflet de son dynamisme permanent.<\/p><p><strong>La gratuit\u00e9 des concerts, le soutien de la SACEM, le relais des m\u00e9dias, l\u2019appui des collectivit\u00e9s territoriales et l\u2019adh\u00e9sion de plus en plus large de la population<\/strong>, ont fait que, en quelques ann\u00e9es, la F\u00eate de la musique est devenue l\u2019une des plus grandes manifestations culturelles fran\u00e7aises.<\/p>\t\t\t\t\t\t\t\t<\/div>\n\t\t\t\t<\/div>\n\t\t\t\t\t<\/div>\n\t\t<\/div>\n\t\t\t\t\t<\/div>\n\t\t<\/section>\n\t\t\t\t<section class=\"elementor-section elementor-top-section elementor-element elementor-element-8d7d9c0 elementor-section-boxed elementor-section-height-default elementor-section-height-default\" data-id=\"8d7d9c0\" data-element_type=\"section\" data-e-type=\"section\">\n\t\t\t\t\t\t<div class=\"elementor-container elementor-column-gap-default\">\n\t\t\t\t\t<div class=\"elementor-column elementor-col-100 elementor-top-column elementor-element elementor-element-d89ab6c\" data-id=\"d89ab6c\" data-element_type=\"column\" data-e-type=\"column\">\n\t\t\t<div class=\"elementor-widget-wrap elementor-element-populated\">\n\t\t\t\t\t\t<div class=\"elementor-element elementor-element-d434fde elementor-align-center elementor-widget elementor-widget-button\" data-id=\"d434fde\" data-element_type=\"widget\" data-e-type=\"widget\" data-widget_type=\"button.default\">\n\t\t\t\t<div class=\"elementor-widget-container\">\n\t\t\t\t\t\t\t\t\t<div class=\"elementor-button-wrapper\">\n\t\t\t\t\t<a class=\"elementor-button elementor-button-link elementor-size-sm\" href=\"https:\/\/photos.app.goo.gl\/4NnuB5axw34QEGcZ8\" target=\"_blank\">\n\t\t\t\t\t\t<span class=\"elementor-button-content-wrapper\">\n\t\t\t\t\t\t\t\t\t<span class=\"elementor-button-text\">Les photos de la f\u00eate de la musique 2025<\/span>\n\t\t\t\t\t<\/span>\n\t\t\t\t\t<\/a>\n\t\t\t\t<\/div>\n\t\t\t\t\t\t\t\t<\/div>\n\t\t\t\t<\/div>\n\t\t\t\t\t<\/div>\n\t\t<\/div>\n\t\t\t\t\t<\/div>\n\t\t<\/section>\n\t\t\t\t<section class=\"elementor-section elementor-top-section elementor-element elementor-element-5d33067 elementor-section-boxed elementor-section-height-default elementor-section-height-default\" data-id=\"5d33067\" data-element_type=\"section\" data-e-type=\"section\">\n\t\t\t\t\t\t<div class=\"elementor-container elementor-column-gap-default\">\n\t\t\t\t\t<div class=\"elementor-column elementor-col-100 elementor-top-column elementor-element elementor-element-7a3a739\" data-id=\"7a3a739\" data-element_type=\"column\" data-e-type=\"column\">\n\t\t\t<div class=\"elementor-widget-wrap elementor-element-populated\">\n\t\t\t\t\t\t<div class=\"elementor-element elementor-element-9a5dd1d elementor-align-center elementor-widget elementor-widget-button\" data-id=\"9a5dd1d\" data-element_type=\"widget\" data-e-type=\"widget\" data-widget_type=\"button.default\">\n\t\t\t\t<div class=\"elementor-widget-container\">\n\t\t\t\t\t\t\t\t\t<div class=\"elementor-button-wrapper\">\n\t\t\t\t\t<a class=\"elementor-button elementor-button-link elementor-size-sm\" href=\"https:\/\/photos.app.goo.gl\/uSpKcR4dAtf1Lo55A\" target=\"_blank\">\n\t\t\t\t\t\t<span class=\"elementor-button-content-wrapper\">\n\t\t\t\t\t\t\t\t\t<span class=\"elementor-button-text\">Les photos de la f\u00eate de la musique 2024<\/span>\n\t\t\t\t\t<\/span>\n\t\t\t\t\t<\/a>\n\t\t\t\t<\/div>\n\t\t\t\t\t\t\t\t<\/div>\n\t\t\t\t<\/div>\n\t\t\t\t\t<\/div>\n\t\t<\/div>\n\t\t\t\t\t<\/div>\n\t\t<\/section>\n\t\t\t\t<section class=\"elementor-section elementor-top-section elementor-element elementor-element-5384b30 elementor-section-boxed elementor-section-height-default elementor-section-height-default\" data-id=\"5384b30\" data-element_type=\"section\" data-e-type=\"section\">\n\t\t\t\t\t\t<div class=\"elementor-container elementor-column-gap-default\">\n\t\t\t\t\t<div class=\"elementor-column elementor-col-100 elementor-top-column elementor-element elementor-element-00cded6\" data-id=\"00cded6\" data-element_type=\"column\" data-e-type=\"column\">\n\t\t\t<div class=\"elementor-widget-wrap elementor-element-populated\">\n\t\t\t\t\t\t<div class=\"elementor-element elementor-element-c785138 elementor-align-center elementor-widget elementor-widget-button\" data-id=\"c785138\" data-element_type=\"widget\" data-e-type=\"widget\" data-widget_type=\"button.default\">\n\t\t\t\t<div class=\"elementor-widget-container\">\n\t\t\t\t\t\t\t\t\t<div class=\"elementor-button-wrapper\">\n\t\t\t\t\t<a class=\"elementor-button elementor-button-link elementor-size-sm\" href=\"https:\/\/photos.app.goo.gl\/Wk4PezUQVitX28uMA\" target=\"_blank\">\n\t\t\t\t\t\t<span class=\"elementor-button-content-wrapper\">\n\t\t\t\t\t\t\t\t\t<span class=\"elementor-button-text\">Les photos de la f\u00eate de la musique 2023<\/span>\n\t\t\t\t\t<\/span>\n\t\t\t\t\t<\/a>\n\t\t\t\t<\/div>\n\t\t\t\t\t\t\t\t<\/div>\n\t\t\t\t<\/div>\n\t\t\t\t\t<\/div>\n\t\t<\/div>\n\t\t\t\t\t<\/div>\n\t\t<\/section>\n\t\t\t\t<\/div>\n\t\t","protected":false},"excerpt":{"rendered":"<p>21 Juin, f\u00eate de la Musique C&rsquo;est sous une chaleur \u00e9crasante que d\u00e9bute la f\u00eate de la musique de ce 21 Juin 2025, heureusement, le ciel s&rsquo;est couvert, ce qui a permis aux Danses Country, \u00e0 la Chorale et aux 2 groupes musicaux de l&rsquo;Amicale de se produire, devant la Maison des Jardins et aux [&hellip;]<\/p>\n","protected":false},"author":1,"featured_media":0,"parent":0,"menu_order":0,"comment_status":"closed","ping_status":"closed","template":"","meta":{"site-sidebar-layout":"no-sidebar","site-content-layout":"page-builder","ast-site-content-layout":"default","site-content-style":"default","site-sidebar-style":"default","ast-global-header-display":"","ast-banner-title-visibility":"","ast-main-header-display":"","ast-hfb-above-header-display":"","ast-hfb-below-header-display":"","ast-hfb-mobile-header-display":"","site-post-title":"disabled","ast-breadcrumbs-content":"","ast-featured-img":"disabled","footer-sml-layout":"","ast-disable-related-posts":"","theme-transparent-header-meta":"","adv-header-id-meta":"","stick-header-meta":"","header-above-stick-meta":"","header-main-stick-meta":"","header-below-stick-meta":"","astra-migrate-meta-layouts":"default","ast-page-background-enabled":"default","ast-page-background-meta":{"desktop":{"background-color":"var(--ast-global-color-4)","background-image":"","background-repeat":"repeat","background-position":"center center","background-size":"auto","background-attachment":"scroll","background-type":"","background-media":"","overlay-type":"","overlay-color":"","overlay-opacity":"","overlay-gradient":""},"tablet":{"background-color":"","background-image":"","background-repeat":"repeat","background-position":"center center","background-size":"auto","background-attachment":"scroll","background-type":"","background-media":"","overlay-type":"","overlay-color":"","overlay-opacity":"","overlay-gradient":""},"mobile":{"background-color":"","background-image":"","background-repeat":"repeat","background-position":"center center","background-size":"auto","background-attachment":"scroll","background-type":"","background-media":"","overlay-type":"","overlay-color":"","overlay-opacity":"","overlay-gradient":""}},"ast-content-background-meta":{"desktop":{"background-color":"var(--ast-global-color-5)","background-image":"","background-repeat":"repeat","background-position":"center center","background-size":"auto","background-attachment":"scroll","background-type":"","background-media":"","overlay-type":"","overlay-color":"","overlay-opacity":"","overlay-gradient":""},"tablet":{"background-color":"var(--ast-global-color-5)","background-image":"","background-repeat":"repeat","background-position":"center center","background-size":"auto","background-attachment":"scroll","background-type":"","background-media":"","overlay-type":"","overlay-color":"","overlay-opacity":"","overlay-gradient":""},"mobile":{"background-color":"var(--ast-global-color-5)","background-image":"","background-repeat":"repeat","background-position":"center center","background-size":"auto","background-attachment":"scroll","background-type":"","background-media":"","overlay-type":"","overlay-color":"","overlay-opacity":"","overlay-gradient":""}},"footnotes":""},"class_list":["post-1045","page","type-page","status-publish","hentry"],"_links":{"self":[{"href":"https:\/\/amicale-retraites-bretignolles-sur-mer.fr\/index.php\/wp-json\/wp\/v2\/pages\/1045","targetHints":{"allow":["GET"]}}],"collection":[{"href":"https:\/\/amicale-retraites-bretignolles-sur-mer.fr\/index.php\/wp-json\/wp\/v2\/pages"}],"about":[{"href":"https:\/\/amicale-retraites-bretignolles-sur-mer.fr\/index.php\/wp-json\/wp\/v2\/types\/page"}],"author":[{"embeddable":true,"href":"https:\/\/amicale-retraites-bretignolles-sur-mer.fr\/index.php\/wp-json\/wp\/v2\/users\/1"}],"replies":[{"embeddable":true,"href":"https:\/\/amicale-retraites-bretignolles-sur-mer.fr\/index.php\/wp-json\/wp\/v2\/comments?post=1045"}],"version-history":[{"count":75,"href":"https:\/\/amicale-retraites-bretignolles-sur-mer.fr\/index.php\/wp-json\/wp\/v2\/pages\/1045\/revisions"}],"predecessor-version":[{"id":15607,"href":"https:\/\/amicale-retraites-bretignolles-sur-mer.fr\/index.php\/wp-json\/wp\/v2\/pages\/1045\/revisions\/15607"}],"wp:attachment":[{"href":"https:\/\/amicale-retraites-bretignolles-sur-mer.fr\/index.php\/wp-json\/wp\/v2\/media?parent=1045"}],"curies":[{"name":"wp","href":"https:\/\/api.w.org\/{rel}","templated":true}]}}