{"id":12954,"date":"2024-12-27T09:01:52","date_gmt":"2024-12-27T08:01:52","guid":{"rendered":"https:\/\/amicale-retraites-bretignolles-sur-mer.fr\/?page_id=12954"},"modified":"2025-06-07T18:53:05","modified_gmt":"2025-06-07T16:53:05","slug":"zoo-de-beauval","status":"publish","type":"page","link":"https:\/\/amicale-retraites-bretignolles-sur-mer.fr\/index.php\/zoo-de-beauval\/","title":{"rendered":"Zoo de Beauval"},"content":{"rendered":"\t\t<div data-elementor-type=\"wp-page\" data-elementor-id=\"12954\" class=\"elementor elementor-12954\">\n\t\t\t\t\t\t<section class=\"elementor-section elementor-top-section elementor-element elementor-element-7e45a9e elementor-section-boxed elementor-section-height-default elementor-section-height-default\" data-id=\"7e45a9e\" data-element_type=\"section\" data-e-type=\"section\">\n\t\t\t\t\t\t<div class=\"elementor-container elementor-column-gap-default\">\n\t\t\t\t\t<div class=\"elementor-column elementor-col-100 elementor-top-column elementor-element elementor-element-88bb5a1\" data-id=\"88bb5a1\" data-element_type=\"column\" data-e-type=\"column\">\n\t\t\t<div class=\"elementor-widget-wrap elementor-element-populated\">\n\t\t\t\t\t\t<div class=\"elementor-element elementor-element-2246fe7 elementor-widget elementor-widget-spacer\" data-id=\"2246fe7\" data-element_type=\"widget\" data-e-type=\"widget\" data-widget_type=\"spacer.default\">\n\t\t\t\t<div class=\"elementor-widget-container\">\n\t\t\t\t\t\t\t<div class=\"elementor-spacer\">\n\t\t\t<div class=\"elementor-spacer-inner\"><\/div>\n\t\t<\/div>\n\t\t\t\t\t\t<\/div>\n\t\t\t\t<\/div>\n\t\t\t\t\t<\/div>\n\t\t<\/div>\n\t\t\t\t\t<\/div>\n\t\t<\/section>\n\t\t\t\t<section class=\"elementor-section elementor-top-section elementor-element elementor-element-2e148ca elementor-section-boxed elementor-section-height-default elementor-section-height-default\" data-id=\"2e148ca\" data-element_type=\"section\" data-e-type=\"section\">\n\t\t\t\t\t\t<div class=\"elementor-container elementor-column-gap-default\">\n\t\t\t\t\t<div class=\"elementor-column elementor-col-100 elementor-top-column elementor-element elementor-element-f01db9a\" data-id=\"f01db9a\" data-element_type=\"column\" data-e-type=\"column\">\n\t\t\t<div class=\"elementor-widget-wrap elementor-element-populated\">\n\t\t\t\t\t\t<div class=\"elementor-element elementor-element-13e7800 elementor-widget elementor-widget-heading\" data-id=\"13e7800\" data-element_type=\"widget\" data-e-type=\"widget\" data-widget_type=\"heading.default\">\n\t\t\t\t<div class=\"elementor-widget-container\">\n\t\t\t\t\t<h2 class=\"elementor-heading-title elementor-size-default\">Le Zoo de Beauval<\/h2>\t\t\t\t<\/div>\n\t\t\t\t<\/div>\n\t\t\t\t\t<\/div>\n\t\t<\/div>\n\t\t\t\t\t<\/div>\n\t\t<\/section>\n\t\t\t\t<section class=\"elementor-section elementor-top-section elementor-element elementor-element-4f59b66 elementor-section-boxed elementor-section-height-default elementor-section-height-default\" data-id=\"4f59b66\" data-element_type=\"section\" data-e-type=\"section\">\n\t\t\t\t\t\t<div class=\"elementor-container elementor-column-gap-default\">\n\t\t\t\t\t<div class=\"elementor-column elementor-col-33 elementor-top-column elementor-element elementor-element-ef33222\" data-id=\"ef33222\" data-element_type=\"column\" data-e-type=\"column\">\n\t\t\t<div class=\"elementor-widget-wrap elementor-element-populated\">\n\t\t\t\t\t\t<div class=\"elementor-element elementor-element-2f05387 elementor-widget elementor-widget-image\" data-id=\"2f05387\" data-element_type=\"widget\" data-e-type=\"widget\" data-widget_type=\"image.default\">\n\t\t\t\t<div class=\"elementor-widget-container\">\n\t\t\t\t\t\t\t\t\t\t\t\t\t\t\t<img fetchpriority=\"high\" decoding=\"async\" width=\"683\" height=\"1024\" src=\"http:\/\/amicale-retraites-bretignolles-sur-mer.fr\/wp-content\/uploads\/2024\/12\/affiche_zoo_de_beauval_2022-683x1024.jpg\" class=\"attachment-large size-large wp-image-12966\" alt=\"\" srcset=\"http:\/\/amicale-retraites-bretignolles-sur-mer.fr\/wp-content\/uploads\/2024\/12\/affiche_zoo_de_beauval_2022-683x1024.jpg 683w, http:\/\/amicale-retraites-bretignolles-sur-mer.fr\/wp-content\/uploads\/2024\/12\/affiche_zoo_de_beauval_2022-200x300.jpg 200w, http:\/\/amicale-retraites-bretignolles-sur-mer.fr\/wp-content\/uploads\/2024\/12\/affiche_zoo_de_beauval_2022-768x1152.jpg 768w, http:\/\/amicale-retraites-bretignolles-sur-mer.fr\/wp-content\/uploads\/2024\/12\/affiche_zoo_de_beauval_2022.jpg 800w\" sizes=\"(max-width: 683px) 100vw, 683px\" \/>\t\t\t\t\t\t\t\t\t\t\t\t\t\t\t<\/div>\n\t\t\t\t<\/div>\n\t\t\t\t\t<\/div>\n\t\t<\/div>\n\t\t\t\t<div class=\"elementor-column elementor-col-66 elementor-top-column elementor-element elementor-element-4b046f3\" data-id=\"4b046f3\" data-element_type=\"column\" data-e-type=\"column\">\n\t\t\t<div class=\"elementor-widget-wrap elementor-element-populated\">\n\t\t\t\t\t\t<div class=\"elementor-element elementor-element-e17125e elementor-widget elementor-widget-text-editor\" data-id=\"e17125e\" data-element_type=\"widget\" data-e-type=\"widget\" data-widget_type=\"text-editor.default\">\n\t\t\t\t<div class=\"elementor-widget-container\">\n\t\t\t\t\t\t\t\t\t<p>Les 4 et 5 juin 2025 une quarantaine d&rsquo;adh\u00e9rents de l&rsquo;Amicale ont visit\u00e9 le zoo de Beauval.<\/p>\t\t\t\t\t\t\t\t<\/div>\n\t\t\t\t<\/div>\n\t\t\t\t<div class=\"elementor-element elementor-element-c3f7eae elementor-align-center elementor-widget elementor-widget-button\" data-id=\"c3f7eae\" data-element_type=\"widget\" data-e-type=\"widget\" data-widget_type=\"button.default\">\n\t\t\t\t<div class=\"elementor-widget-container\">\n\t\t\t\t\t\t\t\t\t<div class=\"elementor-button-wrapper\">\n\t\t\t\t\t<a class=\"elementor-button elementor-button-link elementor-size-sm\" href=\"http:\/\/amicale-retraites-bretignolles-sur-mer.fr\/wp-content\/uploads\/2024\/12\/Programme-sejour-Beauval-1.pdf\" target=\"_blank\">\n\t\t\t\t\t\t<span class=\"elementor-button-content-wrapper\">\n\t\t\t\t\t\t\t\t\t<span class=\"elementor-button-text\">Descriptif complet<\/span>\n\t\t\t\t\t<\/span>\n\t\t\t\t\t<\/a>\n\t\t\t\t<\/div>\n\t\t\t\t\t\t\t\t<\/div>\n\t\t\t\t<\/div>\n\t\t\t\t<div class=\"elementor-element elementor-element-e04f9f5 elementor-align-center elementor-widget elementor-widget-button\" data-id=\"e04f9f5\" data-element_type=\"widget\" data-e-type=\"widget\" data-widget_type=\"button.default\">\n\t\t\t\t<div class=\"elementor-widget-container\">\n\t\t\t\t\t\t\t\t\t<div class=\"elementor-button-wrapper\">\n\t\t\t\t\t<a class=\"elementor-button elementor-button-link elementor-size-sm\" href=\"https:\/\/photos.app.goo.gl\/6srSviJfn25ww58u7\" target=\"_blank\">\n\t\t\t\t\t\t<span class=\"elementor-button-content-wrapper\">\n\t\t\t\t\t\t\t\t\t<span class=\"elementor-button-text\">Les photos de cette sortie<\/span>\n\t\t\t\t\t<\/span>\n\t\t\t\t\t<\/a>\n\t\t\t\t<\/div>\n\t\t\t\t\t\t\t\t<\/div>\n\t\t\t\t<\/div>\n\t\t\t\t<div class=\"elementor-element elementor-element-6f2c66d elementor-widget elementor-widget-text-editor\" data-id=\"6f2c66d\" data-element_type=\"widget\" data-e-type=\"widget\" data-widget_type=\"text-editor.default\">\n\t\t\t\t<div class=\"elementor-widget-container\">\n\t\t\t\t\t\t\t\t\t<p>Un joli diaporama, r\u00e9alis\u00e9 par Jean-Pierre Braud, peut vous \u00eatre envoy\u00e9 ou donn\u00e9 sur demande. Il dure 4&rsquo;40 et mesure 481 Mo.<\/p>\t\t\t\t\t\t\t\t<\/div>\n\t\t\t\t<\/div>\n\t\t\t\t<div class=\"elementor-element elementor-element-18c09ac elementor-widget elementor-widget-image\" data-id=\"18c09ac\" data-element_type=\"widget\" data-e-type=\"widget\" data-widget_type=\"image.default\">\n\t\t\t\t<div class=\"elementor-widget-container\">\n\t\t\t\t\t\t\t\t\t\t\t\t\t\t\t<img decoding=\"async\" width=\"729\" height=\"209\" src=\"http:\/\/amicale-retraites-bretignolles-sur-mer.fr\/wp-content\/uploads\/2024\/12\/Capture-decran-2024-12-27-091124.png\" class=\"attachment-large size-large wp-image-12973\" alt=\"\" srcset=\"http:\/\/amicale-retraites-bretignolles-sur-mer.fr\/wp-content\/uploads\/2024\/12\/Capture-decran-2024-12-27-091124.png 729w, http:\/\/amicale-retraites-bretignolles-sur-mer.fr\/wp-content\/uploads\/2024\/12\/Capture-decran-2024-12-27-091124-300x86.png 300w\" sizes=\"(max-width: 729px) 100vw, 729px\" \/>\t\t\t\t\t\t\t\t\t\t\t\t\t\t\t<\/div>\n\t\t\t\t<\/div>\n\t\t\t\t\t<\/div>\n\t\t<\/div>\n\t\t\t\t\t<\/div>\n\t\t<\/section>\n\t\t\t\t<\/div>\n\t\t","protected":false},"excerpt":{"rendered":"<p>Le Zoo de Beauval Les 4 et 5 juin 2025 une quarantaine d&rsquo;adh\u00e9rents de l&rsquo;Amicale ont visit\u00e9 le zoo de Beauval. Descriptif complet Les photos de cette sortie Un joli diaporama, r\u00e9alis\u00e9 par Jean-Pierre Braud, peut vous \u00eatre envoy\u00e9 ou donn\u00e9 sur demande. Il dure 4&rsquo;40 et mesure 481 Mo.<\/p>\n","protected":false},"author":1,"featured_media":0,"parent":0,"menu_order":0,"comment_status":"closed","ping_status":"closed","template":"","meta":{"site-sidebar-layout":"no-sidebar","site-content-layout":"page-builder","ast-site-content-layout":"full-width-container","site-content-style":"default","site-sidebar-style":"default","ast-global-header-display":"","ast-banner-title-visibility":"","ast-main-header-display":"","ast-hfb-above-header-display":"","ast-hfb-below-header-display":"","ast-hfb-mobile-header-display":"","site-post-title":"disabled","ast-breadcrumbs-content":"","ast-featured-img":"disabled","footer-sml-layout":"","ast-disable-related-posts":"","theme-transparent-header-meta":"","adv-header-id-meta":"","stick-header-meta":"","header-above-stick-meta":"","header-main-stick-meta":"","header-below-stick-meta":"","astra-migrate-meta-layouts":"set","ast-page-background-enabled":"default","ast-page-background-meta":{"desktop":{"background-color":"var(--ast-global-color-4)","background-image":"","background-repeat":"repeat","background-position":"center center","background-size":"auto","background-attachment":"scroll","background-type":"","background-media":"","overlay-type":"","overlay-color":"","overlay-opacity":"","overlay-gradient":""},"tablet":{"background-color":"","background-image":"","background-repeat":"repeat","background-position":"center center","background-size":"auto","background-attachment":"scroll","background-type":"","background-media":"","overlay-type":"","overlay-color":"","overlay-opacity":"","overlay-gradient":""},"mobile":{"background-color":"","background-image":"","background-repeat":"repeat","background-position":"center center","background-size":"auto","background-attachment":"scroll","background-type":"","background-media":"","overlay-type":"","overlay-color":"","overlay-opacity":"","overlay-gradient":""}},"ast-content-background-meta":{"desktop":{"background-color":"var(--ast-global-color-5)","background-image":"","background-repeat":"repeat","background-position":"center center","background-size":"auto","background-attachment":"scroll","background-type":"","background-media":"","overlay-type":"","overlay-color":"","overlay-opacity":"","overlay-gradient":""},"tablet":{"background-color":"var(--ast-global-color-5)","background-image":"","background-repeat":"repeat","background-position":"center center","background-size":"auto","background-attachment":"scroll","background-type":"","background-media":"","overlay-type":"","overlay-color":"","overlay-opacity":"","overlay-gradient":""},"mobile":{"background-color":"var(--ast-global-color-5)","background-image":"","background-repeat":"repeat","background-position":"center center","background-size":"auto","background-attachment":"scroll","background-type":"","background-media":"","overlay-type":"","overlay-color":"","overlay-opacity":"","overlay-gradient":""}},"footnotes":""},"class_list":["post-12954","page","type-page","status-publish","hentry"],"_links":{"self":[{"href":"https:\/\/amicale-retraites-bretignolles-sur-mer.fr\/index.php\/wp-json\/wp\/v2\/pages\/12954","targetHints":{"allow":["GET"]}}],"collection":[{"href":"https:\/\/amicale-retraites-bretignolles-sur-mer.fr\/index.php\/wp-json\/wp\/v2\/pages"}],"about":[{"href":"https:\/\/amicale-retraites-bretignolles-sur-mer.fr\/index.php\/wp-json\/wp\/v2\/types\/page"}],"author":[{"embeddable":true,"href":"https:\/\/amicale-retraites-bretignolles-sur-mer.fr\/index.php\/wp-json\/wp\/v2\/users\/1"}],"replies":[{"embeddable":true,"href":"https:\/\/amicale-retraites-bretignolles-sur-mer.fr\/index.php\/wp-json\/wp\/v2\/comments?post=12954"}],"version-history":[{"count":49,"href":"https:\/\/amicale-retraites-bretignolles-sur-mer.fr\/index.php\/wp-json\/wp\/v2\/pages\/12954\/revisions"}],"predecessor-version":[{"id":15317,"href":"https:\/\/amicale-retraites-bretignolles-sur-mer.fr\/index.php\/wp-json\/wp\/v2\/pages\/12954\/revisions\/15317"}],"wp:attachment":[{"href":"https:\/\/amicale-retraites-bretignolles-sur-mer.fr\/index.php\/wp-json\/wp\/v2\/media?parent=12954"}],"curies":[{"name":"wp","href":"https:\/\/api.w.org\/{rel}","templated":true}]}}