{"id":148,"date":"2023-02-25T14:33:44","date_gmt":"2023-02-25T13:33:44","guid":{"rendered":"https:\/\/amicale-retraites-bretignolles-sur-mer.fr\/?page_id=148"},"modified":"2025-10-26T20:31:31","modified_gmt":"2025-10-26T19:31:31","slug":"informatique","status":"publish","type":"page","link":"https:\/\/amicale-retraites-bretignolles-sur-mer.fr\/index.php\/informatique\/","title":{"rendered":"Informatique"},"content":{"rendered":"\t\t<div data-elementor-type=\"wp-page\" data-elementor-id=\"148\" class=\"elementor elementor-148\">\n\t\t\t\t\t\t<section class=\"elementor-section elementor-top-section elementor-element elementor-element-11ad499 elementor-section-boxed elementor-section-height-default elementor-section-height-default\" data-id=\"11ad499\" data-element_type=\"section\" data-e-type=\"section\">\n\t\t\t\t\t\t<div class=\"elementor-container elementor-column-gap-default\">\n\t\t\t\t\t<div class=\"elementor-column elementor-col-100 elementor-top-column elementor-element elementor-element-d2881bb\" data-id=\"d2881bb\" data-element_type=\"column\" data-e-type=\"column\">\n\t\t\t<div class=\"elementor-widget-wrap elementor-element-populated\">\n\t\t\t\t\t\t<div class=\"elementor-element elementor-element-d7b477b elementor-widget elementor-widget-spacer\" data-id=\"d7b477b\" data-element_type=\"widget\" data-e-type=\"widget\" data-widget_type=\"spacer.default\">\n\t\t\t\t<div class=\"elementor-widget-container\">\n\t\t\t\t\t\t\t<div class=\"elementor-spacer\">\n\t\t\t<div class=\"elementor-spacer-inner\"><\/div>\n\t\t<\/div>\n\t\t\t\t\t\t<\/div>\n\t\t\t\t<\/div>\n\t\t\t\t\t<\/div>\n\t\t<\/div>\n\t\t\t\t\t<\/div>\n\t\t<\/section>\n\t\t\t\t<section class=\"elementor-section elementor-top-section elementor-element elementor-element-3c5ee4a elementor-section-boxed elementor-section-height-default elementor-section-height-default\" data-id=\"3c5ee4a\" data-element_type=\"section\" data-e-type=\"section\">\n\t\t\t\t\t\t<div class=\"elementor-container elementor-column-gap-default\">\n\t\t\t\t\t<div class=\"elementor-column elementor-col-100 elementor-top-column elementor-element elementor-element-dbe48a6\" data-id=\"dbe48a6\" data-element_type=\"column\" data-e-type=\"column\">\n\t\t\t<div class=\"elementor-widget-wrap elementor-element-populated\">\n\t\t\t\t\t\t<div class=\"elementor-element elementor-element-0a09e0a elementor-widget elementor-widget-heading\" data-id=\"0a09e0a\" data-element_type=\"widget\" data-e-type=\"widget\" data-widget_type=\"heading.default\">\n\t\t\t\t<div class=\"elementor-widget-container\">\n\t\t\t\t\t<h2 class=\"elementor-heading-title elementor-size-default\">Atelier Informatique<\/h2>\t\t\t\t<\/div>\n\t\t\t\t<\/div>\n\t\t\t\t\t<\/div>\n\t\t<\/div>\n\t\t\t\t\t<\/div>\n\t\t<\/section>\n\t\t\t\t<section class=\"elementor-section elementor-top-section elementor-element elementor-element-6b8dc12 elementor-section-boxed elementor-section-height-default elementor-section-height-default\" data-id=\"6b8dc12\" data-element_type=\"section\" data-e-type=\"section\">\n\t\t\t\t\t\t<div class=\"elementor-container elementor-column-gap-default\">\n\t\t\t\t\t<div class=\"elementor-column elementor-col-66 elementor-top-column elementor-element elementor-element-ba9eb1b\" data-id=\"ba9eb1b\" data-element_type=\"column\" data-e-type=\"column\">\n\t\t\t<div class=\"elementor-widget-wrap elementor-element-populated\">\n\t\t\t\t\t\t<div class=\"elementor-element elementor-element-ecf2911 elementor-widget elementor-widget-text-editor\" data-id=\"ecf2911\" data-element_type=\"widget\" data-e-type=\"widget\" data-widget_type=\"text-editor.default\">\n\t\t\t\t<div class=\"elementor-widget-container\">\n\t\t\t\t\t\t\t\t\t<p style=\"margin: 0cm; vertical-align: baseline;\"><span style=\"font-family: 'Open Sans', sans-serif; color: #000000;\">Initiation \u00e0 l\u2019Informatique et aux Logiciels de base.<\/span><\/p><p style=\"margin: 0cm; vertical-align: baseline; box-sizing: border-box; outline: 0px; font-variant-ligatures: normal; font-variant-caps: normal; orphans: 2; text-align: start; widows: 2; -webkit-text-stroke-width: 0px; word-spacing: 0px;\"><span style=\"font-family: 'Open Sans', sans-serif; color: #000000;\">Cours anim\u00e9s par Fran\u00e7ois Haus, Yves Prat et Bernard Poulailleau.<\/span><\/p><p style=\"margin: 0cm; vertical-align: baseline; box-sizing: border-box; outline: 0px; font-variant-ligatures: normal; font-variant-caps: normal; orphans: 2; text-align: start; widows: 2; -webkit-text-stroke-width: 0px; word-spacing: 0px;\"><span style=\"font-family: 'Open Sans', sans-serif; color: #000000;\">Tous les Mardis de 14h \u00e0 16h, \u00e0 la salle de l\u2019Amicale.<\/span><\/p><p style=\"margin: 0cm; vertical-align: baseline; box-sizing: border-box; outline: 0px; font-variant-ligatures: normal; font-variant-caps: normal; orphans: 2; text-align: start; widows: 2; -webkit-text-stroke-width: 0px; word-spacing: 0px;\"><span style=\"font-family: 'Open Sans', sans-serif; color: #000000;\">Un Mardi sur deux pour les d\u00e9butants et confirm\u00e9s.<\/span><\/p>\t\t\t\t\t\t\t\t<\/div>\n\t\t\t\t<\/div>\n\t\t\t\t\t<\/div>\n\t\t<\/div>\n\t\t\t\t<div class=\"elementor-column elementor-col-33 elementor-top-column elementor-element elementor-element-2ec8311\" data-id=\"2ec8311\" data-element_type=\"column\" data-e-type=\"column\">\n\t\t\t<div class=\"elementor-widget-wrap elementor-element-populated\">\n\t\t\t\t\t\t<div class=\"elementor-element elementor-element-45c20e6 elementor-widget elementor-widget-image\" data-id=\"45c20e6\" data-element_type=\"widget\" data-e-type=\"widget\" data-widget_type=\"image.default\">\n\t\t\t\t<div class=\"elementor-widget-container\">\n\t\t\t\t\t\t\t\t\t\t\t\t\t\t\t<img fetchpriority=\"high\" decoding=\"async\" width=\"500\" height=\"312\" src=\"https:\/\/amicale-retraites-bretignolles-sur-mer.fr\/wp-content\/uploads\/2023\/02\/200308_151426.jpg\" class=\"attachment-large size-large wp-image-1016\" alt=\"\" srcset=\"https:\/\/amicale-retraites-bretignolles-sur-mer.fr\/wp-content\/uploads\/2023\/02\/200308_151426.jpg 500w, https:\/\/amicale-retraites-bretignolles-sur-mer.fr\/wp-content\/uploads\/2023\/02\/200308_151426-300x187.jpg 300w\" sizes=\"(max-width: 500px) 100vw, 500px\" \/>\t\t\t\t\t\t\t\t\t\t\t\t\t\t\t<\/div>\n\t\t\t\t<\/div>\n\t\t\t\t\t<\/div>\n\t\t<\/div>\n\t\t\t\t\t<\/div>\n\t\t<\/section>\n\t\t\t\t<section class=\"elementor-section elementor-top-section elementor-element elementor-element-2c52cca elementor-section-boxed elementor-section-height-default elementor-section-height-default\" data-id=\"2c52cca\" data-element_type=\"section\" data-e-type=\"section\">\n\t\t\t\t\t\t<div class=\"elementor-container elementor-column-gap-default\">\n\t\t\t\t\t<div class=\"elementor-column elementor-col-66 elementor-top-column elementor-element elementor-element-4869d51\" data-id=\"4869d51\" data-element_type=\"column\" data-e-type=\"column\">\n\t\t\t<div class=\"elementor-widget-wrap elementor-element-populated\">\n\t\t\t\t\t\t<div class=\"elementor-element elementor-element-0f53c2e elementor-widget elementor-widget-text-editor\" data-id=\"0f53c2e\" data-element_type=\"widget\" data-e-type=\"widget\" data-widget_type=\"text-editor.default\">\n\t\t\t\t<div class=\"elementor-widget-container\">\n\t\t\t\t\t\t\t\t\t<p><span style=\"color: #000000;\">Chaque personne vient avec son ordinateur portable \u00e9quip\u00e9 de Windows 10 ou 11. Nous utilisons des logiciels gratuits comme Edge, Chrome, Mozilla Firefox, Thunderbird, Libre Office, PhotoFiltre 7, VLC Media Player, Audacity, Clementine, Adobe Reader &#8230;<\/span><\/p>\t\t\t\t\t\t\t\t<\/div>\n\t\t\t\t<\/div>\n\t\t\t\t\t<\/div>\n\t\t<\/div>\n\t\t\t\t<div class=\"elementor-column elementor-col-33 elementor-top-column elementor-element elementor-element-d5df240\" data-id=\"d5df240\" data-element_type=\"column\" data-e-type=\"column\">\n\t\t\t<div class=\"elementor-widget-wrap elementor-element-populated\">\n\t\t\t\t\t\t<div class=\"elementor-element elementor-element-ecb9d83 elementor-widget elementor-widget-image\" data-id=\"ecb9d83\" data-element_type=\"widget\" data-e-type=\"widget\" data-widget_type=\"image.default\">\n\t\t\t\t<div class=\"elementor-widget-container\">\n\t\t\t\t\t\t\t\t\t\t\t\t\t\t\t<img decoding=\"async\" width=\"1000\" height=\"437\" src=\"https:\/\/amicale-retraites-bretignolles-sur-mer.fr\/wp-content\/uploads\/2023\/02\/200308_155517.jpg\" class=\"attachment-large size-large wp-image-1017\" alt=\"\" srcset=\"https:\/\/amicale-retraites-bretignolles-sur-mer.fr\/wp-content\/uploads\/2023\/02\/200308_155517.jpg 1000w, https:\/\/amicale-retraites-bretignolles-sur-mer.fr\/wp-content\/uploads\/2023\/02\/200308_155517-300x131.jpg 300w, https:\/\/amicale-retraites-bretignolles-sur-mer.fr\/wp-content\/uploads\/2023\/02\/200308_155517-768x336.jpg 768w\" sizes=\"(max-width: 1000px) 100vw, 1000px\" \/>\t\t\t\t\t\t\t\t\t\t\t\t\t\t\t<\/div>\n\t\t\t\t<\/div>\n\t\t\t\t\t<\/div>\n\t\t<\/div>\n\t\t\t\t\t<\/div>\n\t\t<\/section>\n\t\t\t\t<section class=\"elementor-section elementor-top-section elementor-element elementor-element-a764515 elementor-section-boxed elementor-section-height-default elementor-section-height-default\" data-id=\"a764515\" data-element_type=\"section\" data-e-type=\"section\">\n\t\t\t\t\t\t<div class=\"elementor-container elementor-column-gap-default\">\n\t\t\t\t\t<div class=\"elementor-column elementor-col-100 elementor-top-column elementor-element elementor-element-acaade0\" data-id=\"acaade0\" data-element_type=\"column\" data-e-type=\"column\">\n\t\t\t<div class=\"elementor-widget-wrap elementor-element-populated\">\n\t\t\t\t\t\t<div class=\"elementor-element elementor-element-4545853 elementor-align-center elementor-widget elementor-widget-button\" data-id=\"4545853\" data-element_type=\"widget\" data-e-type=\"widget\" data-widget_type=\"button.default\">\n\t\t\t\t<div class=\"elementor-widget-container\">\n\t\t\t\t\t\t\t\t\t<div class=\"elementor-button-wrapper\">\n\t\t\t\t\t<a class=\"elementor-button elementor-button-link elementor-size-sm\" href=\"https:\/\/photos.app.goo.gl\/h8gFtJjTPVaUmyXz5\" target=\"_blank\">\n\t\t\t\t\t\t<span class=\"elementor-button-content-wrapper\">\n\t\t\t\t\t\t\t\t\t<span class=\"elementor-button-text\">Photos de l'atelier informatique<\/span>\n\t\t\t\t\t<\/span>\n\t\t\t\t\t<\/a>\n\t\t\t\t<\/div>\n\t\t\t\t\t\t\t\t<\/div>\n\t\t\t\t<\/div>\n\t\t\t\t\t<\/div>\n\t\t<\/div>\n\t\t\t\t\t<\/div>\n\t\t<\/section>\n\t\t\t\t<section class=\"elementor-section elementor-top-section elementor-element elementor-element-368d4f8 elementor-section-boxed elementor-section-height-default elementor-section-height-default\" data-id=\"368d4f8\" data-element_type=\"section\" data-e-type=\"section\">\n\t\t\t\t\t\t<div class=\"elementor-container elementor-column-gap-default\">\n\t\t\t\t\t<div class=\"elementor-column elementor-col-33 elementor-top-column elementor-element elementor-element-4f0e91c\" data-id=\"4f0e91c\" data-element_type=\"column\" data-e-type=\"column\">\n\t\t\t<div class=\"elementor-widget-wrap elementor-element-populated\">\n\t\t\t\t\t\t<div class=\"elementor-element elementor-element-526e665 elementor-widget elementor-widget-image\" data-id=\"526e665\" data-element_type=\"widget\" data-e-type=\"widget\" data-widget_type=\"image.default\">\n\t\t\t\t<div class=\"elementor-widget-container\">\n\t\t\t\t\t\t\t\t\t\t\t\t\t\t\t<img decoding=\"async\" width=\"1024\" height=\"577\" src=\"https:\/\/amicale-retraites-bretignolles-sur-mer.fr\/wp-content\/uploads\/2024\/09\/20240917_140745-1024x577.jpg\" class=\"attachment-large size-large wp-image-11289\" alt=\"\" srcset=\"https:\/\/amicale-retraites-bretignolles-sur-mer.fr\/wp-content\/uploads\/2024\/09\/20240917_140745-1024x577.jpg 1024w, https:\/\/amicale-retraites-bretignolles-sur-mer.fr\/wp-content\/uploads\/2024\/09\/20240917_140745-300x169.jpg 300w, https:\/\/amicale-retraites-bretignolles-sur-mer.fr\/wp-content\/uploads\/2024\/09\/20240917_140745-768x432.jpg 768w, https:\/\/amicale-retraites-bretignolles-sur-mer.fr\/wp-content\/uploads\/2024\/09\/20240917_140745-1536x865.jpg 1536w, https:\/\/amicale-retraites-bretignolles-sur-mer.fr\/wp-content\/uploads\/2024\/09\/20240917_140745-2048x1153.jpg 2048w\" sizes=\"(max-width: 1024px) 100vw, 1024px\" \/>\t\t\t\t\t\t\t\t\t\t\t\t\t\t\t<\/div>\n\t\t\t\t<\/div>\n\t\t\t\t\t<\/div>\n\t\t<\/div>\n\t\t\t\t<div class=\"elementor-column elementor-col-33 elementor-top-column elementor-element elementor-element-36f2325\" data-id=\"36f2325\" data-element_type=\"column\" data-e-type=\"column\">\n\t\t\t<div class=\"elementor-widget-wrap elementor-element-populated\">\n\t\t\t\t\t\t<div class=\"elementor-element elementor-element-e091eb6 elementor-widget elementor-widget-image\" data-id=\"e091eb6\" data-element_type=\"widget\" data-e-type=\"widget\" data-widget_type=\"image.default\">\n\t\t\t\t<div class=\"elementor-widget-container\">\n\t\t\t\t\t\t\t\t\t\t\t\t\t\t\t<img loading=\"lazy\" decoding=\"async\" width=\"1024\" height=\"577\" src=\"https:\/\/amicale-retraites-bretignolles-sur-mer.fr\/wp-content\/uploads\/2024\/09\/20240917_140915-1024x577.jpg\" class=\"attachment-large size-large wp-image-11290\" alt=\"\" srcset=\"https:\/\/amicale-retraites-bretignolles-sur-mer.fr\/wp-content\/uploads\/2024\/09\/20240917_140915-1024x577.jpg 1024w, https:\/\/amicale-retraites-bretignolles-sur-mer.fr\/wp-content\/uploads\/2024\/09\/20240917_140915-300x169.jpg 300w, https:\/\/amicale-retraites-bretignolles-sur-mer.fr\/wp-content\/uploads\/2024\/09\/20240917_140915-768x432.jpg 768w, https:\/\/amicale-retraites-bretignolles-sur-mer.fr\/wp-content\/uploads\/2024\/09\/20240917_140915-1536x865.jpg 1536w, https:\/\/amicale-retraites-bretignolles-sur-mer.fr\/wp-content\/uploads\/2024\/09\/20240917_140915-2048x1153.jpg 2048w\" sizes=\"(max-width: 1024px) 100vw, 1024px\" \/>\t\t\t\t\t\t\t\t\t\t\t\t\t\t\t<\/div>\n\t\t\t\t<\/div>\n\t\t\t\t\t<\/div>\n\t\t<\/div>\n\t\t\t\t<div class=\"elementor-column elementor-col-33 elementor-top-column elementor-element elementor-element-e6e64d6\" data-id=\"e6e64d6\" data-element_type=\"column\" data-e-type=\"column\">\n\t\t\t<div class=\"elementor-widget-wrap elementor-element-populated\">\n\t\t\t\t\t\t<div class=\"elementor-element elementor-element-44a453b elementor-widget elementor-widget-image\" data-id=\"44a453b\" data-element_type=\"widget\" data-e-type=\"widget\" data-widget_type=\"image.default\">\n\t\t\t\t<div class=\"elementor-widget-container\">\n\t\t\t\t\t\t\t\t\t\t\t\t\t\t\t<img loading=\"lazy\" decoding=\"async\" width=\"1024\" height=\"577\" src=\"https:\/\/amicale-retraites-bretignolles-sur-mer.fr\/wp-content\/uploads\/2024\/09\/20240924_151833-1024x577.jpg\" class=\"attachment-large size-large wp-image-11419\" alt=\"\" srcset=\"https:\/\/amicale-retraites-bretignolles-sur-mer.fr\/wp-content\/uploads\/2024\/09\/20240924_151833-1024x577.jpg 1024w, https:\/\/amicale-retraites-bretignolles-sur-mer.fr\/wp-content\/uploads\/2024\/09\/20240924_151833-300x169.jpg 300w, https:\/\/amicale-retraites-bretignolles-sur-mer.fr\/wp-content\/uploads\/2024\/09\/20240924_151833-768x432.jpg 768w, https:\/\/amicale-retraites-bretignolles-sur-mer.fr\/wp-content\/uploads\/2024\/09\/20240924_151833-1536x865.jpg 1536w, https:\/\/amicale-retraites-bretignolles-sur-mer.fr\/wp-content\/uploads\/2024\/09\/20240924_151833-2048x1153.jpg 2048w\" sizes=\"(max-width: 1024px) 100vw, 1024px\" \/>\t\t\t\t\t\t\t\t\t\t\t\t\t\t\t<\/div>\n\t\t\t\t<\/div>\n\t\t\t\t\t<\/div>\n\t\t<\/div>\n\t\t\t\t\t<\/div>\n\t\t<\/section>\n\t\t\t\t<\/div>\n\t\t","protected":false},"excerpt":{"rendered":"<p>Atelier Informatique Initiation \u00e0 l\u2019Informatique et aux Logiciels de base. Cours anim\u00e9s par Fran\u00e7ois Haus, Yves Prat et Bernard Poulailleau. Tous les Mardis de 14h \u00e0 16h, \u00e0 la salle de l\u2019Amicale. Un Mardi sur deux pour les d\u00e9butants et confirm\u00e9s. Chaque personne vient avec son ordinateur portable \u00e9quip\u00e9 de Windows 10 ou 11. Nous [&hellip;]<\/p>\n","protected":false},"author":1,"featured_media":0,"parent":0,"menu_order":0,"comment_status":"closed","ping_status":"closed","template":"","meta":{"site-sidebar-layout":"no-sidebar","site-content-layout":"page-builder","ast-site-content-layout":"default","site-content-style":"default","site-sidebar-style":"default","ast-global-header-display":"","ast-banner-title-visibility":"","ast-main-header-display":"","ast-hfb-above-header-display":"","ast-hfb-below-header-display":"","ast-hfb-mobile-header-display":"","site-post-title":"disabled","ast-breadcrumbs-content":"","ast-featured-img":"disabled","footer-sml-layout":"","ast-disable-related-posts":"","theme-transparent-header-meta":"","adv-header-id-meta":"","stick-header-meta":"","header-above-stick-meta":"","header-main-stick-meta":"","header-below-stick-meta":"","astra-migrate-meta-layouts":"default","ast-page-background-enabled":"default","ast-page-background-meta":{"desktop":{"background-color":"var(--ast-global-color-4)","background-image":"","background-repeat":"repeat","background-position":"center center","background-size":"auto","background-attachment":"scroll","background-type":"","background-media":"","overlay-type":"","overlay-color":"","overlay-opacity":"","overlay-gradient":""},"tablet":{"background-color":"","background-image":"","background-repeat":"repeat","background-position":"center center","background-size":"auto","background-attachment":"scroll","background-type":"","background-media":"","overlay-type":"","overlay-color":"","overlay-opacity":"","overlay-gradient":""},"mobile":{"background-color":"","background-image":"","background-repeat":"repeat","background-position":"center center","background-size":"auto","background-attachment":"scroll","background-type":"","background-media":"","overlay-type":"","overlay-color":"","overlay-opacity":"","overlay-gradient":""}},"ast-content-background-meta":{"desktop":{"background-color":"var(--ast-global-color-5)","background-image":"","background-repeat":"repeat","background-position":"center center","background-size":"auto","background-attachment":"scroll","background-type":"","background-media":"","overlay-type":"","overlay-color":"","overlay-opacity":"","overlay-gradient":""},"tablet":{"background-color":"var(--ast-global-color-5)","background-image":"","background-repeat":"repeat","background-position":"center center","background-size":"auto","background-attachment":"scroll","background-type":"","background-media":"","overlay-type":"","overlay-color":"","overlay-opacity":"","overlay-gradient":""},"mobile":{"background-color":"var(--ast-global-color-5)","background-image":"","background-repeat":"repeat","background-position":"center center","background-size":"auto","background-attachment":"scroll","background-type":"","background-media":"","overlay-type":"","overlay-color":"","overlay-opacity":"","overlay-gradient":""}},"footnotes":""},"class_list":["post-148","page","type-page","status-publish","hentry"],"_links":{"self":[{"href":"https:\/\/amicale-retraites-bretignolles-sur-mer.fr\/index.php\/wp-json\/wp\/v2\/pages\/148","targetHints":{"allow":["GET"]}}],"collection":[{"href":"https:\/\/amicale-retraites-bretignolles-sur-mer.fr\/index.php\/wp-json\/wp\/v2\/pages"}],"about":[{"href":"https:\/\/amicale-retraites-bretignolles-sur-mer.fr\/index.php\/wp-json\/wp\/v2\/types\/page"}],"author":[{"embeddable":true,"href":"https:\/\/amicale-retraites-bretignolles-sur-mer.fr\/index.php\/wp-json\/wp\/v2\/users\/1"}],"replies":[{"embeddable":true,"href":"https:\/\/amicale-retraites-bretignolles-sur-mer.fr\/index.php\/wp-json\/wp\/v2\/comments?post=148"}],"version-history":[{"count":33,"href":"https:\/\/amicale-retraites-bretignolles-sur-mer.fr\/index.php\/wp-json\/wp\/v2\/pages\/148\/revisions"}],"predecessor-version":[{"id":15842,"href":"https:\/\/amicale-retraites-bretignolles-sur-mer.fr\/index.php\/wp-json\/wp\/v2\/pages\/148\/revisions\/15842"}],"wp:attachment":[{"href":"https:\/\/amicale-retraites-bretignolles-sur-mer.fr\/index.php\/wp-json\/wp\/v2\/media?parent=148"}],"curies":[{"name":"wp","href":"https:\/\/api.w.org\/{rel}","templated":true}]}}