{"id":16788,"date":"2026-03-12T16:12:52","date_gmt":"2026-03-12T15:12:52","guid":{"rendered":"https:\/\/amicale-retraites-bretignolles-sur-mer.fr\/?page_id=16788"},"modified":"2026-04-23T11:31:27","modified_gmt":"2026-04-23T09:31:27","slug":"sicile-2026","status":"publish","type":"page","link":"https:\/\/amicale-retraites-bretignolles-sur-mer.fr\/index.php\/sicile-2026\/","title":{"rendered":"Sicile 2026"},"content":{"rendered":"\t\t<div data-elementor-type=\"wp-page\" data-elementor-id=\"16788\" class=\"elementor elementor-16788\">\n\t\t\t\t\t\t<section class=\"elementor-section elementor-top-section elementor-element elementor-element-915a797 elementor-section-boxed elementor-section-height-default elementor-section-height-default\" data-id=\"915a797\" data-element_type=\"section\" data-e-type=\"section\">\n\t\t\t\t\t\t<div class=\"elementor-container elementor-column-gap-default\">\n\t\t\t\t\t<div class=\"elementor-column elementor-col-100 elementor-top-column elementor-element elementor-element-0944210\" data-id=\"0944210\" data-element_type=\"column\" data-e-type=\"column\">\n\t\t\t<div class=\"elementor-widget-wrap elementor-element-populated\">\n\t\t\t\t\t\t<div class=\"elementor-element elementor-element-7605392 elementor-widget elementor-widget-spacer\" data-id=\"7605392\" data-element_type=\"widget\" data-e-type=\"widget\" data-widget_type=\"spacer.default\">\n\t\t\t\t<div class=\"elementor-widget-container\">\n\t\t\t\t\t\t\t<div class=\"elementor-spacer\">\n\t\t\t<div class=\"elementor-spacer-inner\"><\/div>\n\t\t<\/div>\n\t\t\t\t\t\t<\/div>\n\t\t\t\t<\/div>\n\t\t\t\t<div class=\"elementor-element elementor-element-93f8df7 elementor-widget elementor-widget-heading\" data-id=\"93f8df7\" data-element_type=\"widget\" data-e-type=\"widget\" data-widget_type=\"heading.default\">\n\t\t\t\t<div class=\"elementor-widget-container\">\n\t\t\t\t\t<h3 class=\"elementor-heading-title elementor-size-default\">SICILE : Lundi 14 septembre au Lundi 21 septembre 2026<\/h3>\t\t\t\t<\/div>\n\t\t\t\t<\/div>\n\t\t\t\t\t<\/div>\n\t\t<\/div>\n\t\t\t\t\t<\/div>\n\t\t<\/section>\n\t\t\t\t<section class=\"elementor-section elementor-top-section elementor-element elementor-element-61c812b elementor-section-boxed elementor-section-height-default elementor-section-height-default\" data-id=\"61c812b\" data-element_type=\"section\" data-e-type=\"section\">\n\t\t\t\t\t\t<div class=\"elementor-container elementor-column-gap-default\">\n\t\t\t\t\t<div class=\"elementor-column elementor-col-50 elementor-top-column elementor-element elementor-element-192fca8\" data-id=\"192fca8\" data-element_type=\"column\" data-e-type=\"column\">\n\t\t\t<div class=\"elementor-widget-wrap elementor-element-populated\">\n\t\t\t\t\t\t<div class=\"elementor-element elementor-element-fc525d1 elementor-widget elementor-widget-image\" data-id=\"fc525d1\" data-element_type=\"widget\" data-e-type=\"widget\" data-widget_type=\"image.default\">\n\t\t\t\t<div class=\"elementor-widget-container\">\n\t\t\t\t\t\t\t\t\t\t\t\t\t\t\t<img fetchpriority=\"high\" decoding=\"async\" width=\"677\" height=\"559\" src=\"https:\/\/amicale-retraites-bretignolles-sur-mer.fr\/wp-content\/uploads\/2026\/04\/Carte-Sicile-2026.jpg\" class=\"attachment-large size-large wp-image-17399\" alt=\"\" srcset=\"https:\/\/amicale-retraites-bretignolles-sur-mer.fr\/wp-content\/uploads\/2026\/04\/Carte-Sicile-2026.jpg 677w, https:\/\/amicale-retraites-bretignolles-sur-mer.fr\/wp-content\/uploads\/2026\/04\/Carte-Sicile-2026-300x248.jpg 300w\" sizes=\"(max-width: 677px) 100vw, 677px\" \/>\t\t\t\t\t\t\t\t\t\t\t\t\t\t\t<\/div>\n\t\t\t\t<\/div>\n\t\t\t\t\t<\/div>\n\t\t<\/div>\n\t\t\t\t<div class=\"elementor-column elementor-col-50 elementor-top-column elementor-element elementor-element-b30538d\" data-id=\"b30538d\" data-element_type=\"column\" data-e-type=\"column\">\n\t\t\t<div class=\"elementor-widget-wrap elementor-element-populated\">\n\t\t\t\t\t\t<div class=\"elementor-element elementor-element-de6cc3e elementor-widget elementor-widget-text-editor\" data-id=\"de6cc3e\" data-element_type=\"widget\" data-e-type=\"widget\" data-widget_type=\"text-editor.default\">\n\t\t\t\t<div class=\"elementor-widget-container\">\n\t\t\t\t\t\t\t\t\t<p><strong>La Sicile est la plus grande \u00eele de la M\u00e9diterran\u00e9e et une r\u00e9gion autonome d\u2019Italie.<\/strong> <br \/>Situ\u00e9e au sud de la botte italienne, elle se trouve \u00e0 la crois\u00e9e de l\u2019Europe et de l\u2019Afrique, ce qui explique son incroyable richesse culturelle.<br \/><strong>Son chef-lieu est Palerme.<\/strong><br \/>La Sicile est un v\u00e9ritable carrefour de civilisations : grecque, romaine, arabe, normande, espagnole\u2026 Chaque \u00e9poque a laiss\u00e9 des traces visibles dans l\u2019architecture, la gastronomie et les traditions locales.<br \/>\u00a0 \u00a0 \u00a0 \u00a0 \u00a0 \u00a0 \u00a0 \u00a0 \u00a0 \u00a0 \u00a0 \u00a0 \u00a0 \u00a0 \u00a0 \u00a0 \u00a0 \u00a0 \u00a0 \u00a0 \u00a0 \u00a0 ******<br \/><strong>Sp\u00e9cialit\u00e9s culinaires siciliennes.<\/strong><br \/>La cuisine sicilienne est un m\u00e9lange d\u2019influences arabes, espagnoles et italiennes.<\/p><p><strong>Vins de l\u2019Etna.<\/strong><br \/>Marsala (vin liquoreux typique de l\u2019ouest de l\u2019\u00eele)<\/p>\t\t\t\t\t\t\t\t<\/div>\n\t\t\t\t<\/div>\n\t\t\t\t\t<\/div>\n\t\t<\/div>\n\t\t\t\t\t<\/div>\n\t\t<\/section>\n\t\t<div class=\"elementor-element elementor-element-0d81301 e-flex e-con-boxed e-con e-parent\" data-id=\"0d81301\" data-element_type=\"container\" data-e-type=\"container\">\n\t\t\t\t\t<div class=\"e-con-inner\">\n\t\t<div class=\"elementor-element elementor-element-32abb9c e-con-full e-flex e-con e-child\" data-id=\"32abb9c\" data-element_type=\"container\" data-e-type=\"container\">\n\t\t\t\t<div class=\"elementor-element elementor-element-d754d24 elementor-align-center elementor-widget elementor-widget-button\" data-id=\"d754d24\" data-element_type=\"widget\" data-e-type=\"widget\" data-widget_type=\"button.default\">\n\t\t\t\t<div class=\"elementor-widget-container\">\n\t\t\t\t\t\t\t\t\t<div class=\"elementor-button-wrapper\">\n\t\t\t\t\t<a class=\"elementor-button elementor-button-link elementor-size-sm\" href=\"https:\/\/amicale-retraites-bretignolles-sur-mer.fr\/wp-content\/uploads\/2026\/04\/SICILE-14-au-21-septembre-2026.pdf\">\n\t\t\t\t\t\t<span class=\"elementor-button-content-wrapper\">\n\t\t\t\t\t\t\t\t\t<span class=\"elementor-button-text\">Le programme complet ici<\/span>\n\t\t\t\t\t<\/span>\n\t\t\t\t\t<\/a>\n\t\t\t\t<\/div>\n\t\t\t\t\t\t\t\t<\/div>\n\t\t\t\t<\/div>\n\t\t\t\t<\/div>\n\t\t<div class=\"elementor-element elementor-element-8f3352e e-con-full e-flex e-con e-child\" data-id=\"8f3352e\" data-element_type=\"container\" data-e-type=\"container\">\n\t\t\t\t<div class=\"elementor-element elementor-element-1fe33f0 elementor-button-warning elementor-align-center elementor-widget elementor-widget-button\" data-id=\"1fe33f0\" data-element_type=\"widget\" data-e-type=\"widget\" data-widget_type=\"button.default\">\n\t\t\t\t<div class=\"elementor-widget-container\">\n\t\t\t\t\t\t\t\t\t<div class=\"elementor-button-wrapper\">\n\t\t\t\t\t<a class=\"elementor-button elementor-button-link elementor-size-sm\" href=\"https:\/\/amicale-retraites-bretignolles-sur-mer.fr\/wp-content\/uploads\/2026\/04\/BULLETIN-DINSCRIPTION-Sicile-14-au-21-septembre-2026.pdf\">\n\t\t\t\t\t\t<span class=\"elementor-button-content-wrapper\">\n\t\t\t\t\t\t\t\t\t<span class=\"elementor-button-text\">BULLETIN D'INSCRIPTION<\/span>\n\t\t\t\t\t<\/span>\n\t\t\t\t\t<\/a>\n\t\t\t\t<\/div>\n\t\t\t\t\t\t\t\t<\/div>\n\t\t\t\t<\/div>\n\t\t\t\t<\/div>\n\t\t\t\t\t<\/div>\n\t\t\t\t<\/div>\n\t\t\t\t<\/div>\n\t\t","protected":false},"excerpt":{"rendered":"<p>SICILE : Lundi 14 septembre au Lundi 21 septembre 2026 La Sicile est la plus grande \u00eele de la M\u00e9diterran\u00e9e et une r\u00e9gion autonome d\u2019Italie. Situ\u00e9e au sud de la botte italienne, elle se trouve \u00e0 la crois\u00e9e de l\u2019Europe et de l\u2019Afrique, ce qui explique son incroyable richesse culturelle.Son chef-lieu est Palerme.La Sicile est [&hellip;]<\/p>\n","protected":false},"author":1,"featured_media":0,"parent":0,"menu_order":0,"comment_status":"closed","ping_status":"closed","template":"","meta":{"site-sidebar-layout":"no-sidebar","site-content-layout":"page-builder","ast-site-content-layout":"full-width-container","site-content-style":"default","site-sidebar-style":"default","ast-global-header-display":"","ast-banner-title-visibility":"","ast-main-header-display":"","ast-hfb-above-header-display":"","ast-hfb-below-header-display":"","ast-hfb-mobile-header-display":"","site-post-title":"","ast-breadcrumbs-content":"","ast-featured-img":"disabled","footer-sml-layout":"","ast-disable-related-posts":"","theme-transparent-header-meta":"","adv-header-id-meta":"","stick-header-meta":"","header-above-stick-meta":"","header-main-stick-meta":"","header-below-stick-meta":"","astra-migrate-meta-layouts":"set","ast-page-background-enabled":"default","ast-page-background-meta":{"desktop":{"background-color":"var(--ast-global-color-4)","background-image":"","background-repeat":"repeat","background-position":"center center","background-size":"auto","background-attachment":"scroll","background-type":"","background-media":"","overlay-type":"","overlay-color":"","overlay-opacity":"","overlay-gradient":""},"tablet":{"background-color":"","background-image":"","background-repeat":"repeat","background-position":"center center","background-size":"auto","background-attachment":"scroll","background-type":"","background-media":"","overlay-type":"","overlay-color":"","overlay-opacity":"","overlay-gradient":""},"mobile":{"background-color":"","background-image":"","background-repeat":"repeat","background-position":"center center","background-size":"auto","background-attachment":"scroll","background-type":"","background-media":"","overlay-type":"","overlay-color":"","overlay-opacity":"","overlay-gradient":""}},"ast-content-background-meta":{"desktop":{"background-color":"var(--ast-global-color-5)","background-image":"","background-repeat":"repeat","background-position":"center center","background-size":"auto","background-attachment":"scroll","background-type":"","background-media":"","overlay-type":"","overlay-color":"","overlay-opacity":"","overlay-gradient":""},"tablet":{"background-color":"var(--ast-global-color-5)","background-image":"","background-repeat":"repeat","background-position":"center center","background-size":"auto","background-attachment":"scroll","background-type":"","background-media":"","overlay-type":"","overlay-color":"","overlay-opacity":"","overlay-gradient":""},"mobile":{"background-color":"var(--ast-global-color-5)","background-image":"","background-repeat":"repeat","background-position":"center center","background-size":"auto","background-attachment":"scroll","background-type":"","background-media":"","overlay-type":"","overlay-color":"","overlay-opacity":"","overlay-gradient":""}},"footnotes":""},"class_list":["post-16788","page","type-page","status-publish","hentry"],"_links":{"self":[{"href":"https:\/\/amicale-retraites-bretignolles-sur-mer.fr\/index.php\/wp-json\/wp\/v2\/pages\/16788","targetHints":{"allow":["GET"]}}],"collection":[{"href":"https:\/\/amicale-retraites-bretignolles-sur-mer.fr\/index.php\/wp-json\/wp\/v2\/pages"}],"about":[{"href":"https:\/\/amicale-retraites-bretignolles-sur-mer.fr\/index.php\/wp-json\/wp\/v2\/types\/page"}],"author":[{"embeddable":true,"href":"https:\/\/amicale-retraites-bretignolles-sur-mer.fr\/index.php\/wp-json\/wp\/v2\/users\/1"}],"replies":[{"embeddable":true,"href":"https:\/\/amicale-retraites-bretignolles-sur-mer.fr\/index.php\/wp-json\/wp\/v2\/comments?post=16788"}],"version-history":[{"count":49,"href":"https:\/\/amicale-retraites-bretignolles-sur-mer.fr\/index.php\/wp-json\/wp\/v2\/pages\/16788\/revisions"}],"predecessor-version":[{"id":17416,"href":"https:\/\/amicale-retraites-bretignolles-sur-mer.fr\/index.php\/wp-json\/wp\/v2\/pages\/16788\/revisions\/17416"}],"wp:attachment":[{"href":"https:\/\/amicale-retraites-bretignolles-sur-mer.fr\/index.php\/wp-json\/wp\/v2\/media?parent=16788"}],"curies":[{"name":"wp","href":"https:\/\/api.w.org\/{rel}","templated":true}]}}