{"id":226,"date":"2023-02-25T14:54:49","date_gmt":"2023-02-25T13:54:49","guid":{"rendered":"https:\/\/amicale-retraites-bretignolles-sur-mer.fr\/?page_id=226"},"modified":"2024-06-05T20:13:26","modified_gmt":"2024-06-05T18:13:26","slug":"activites-physiques-douces","status":"publish","type":"page","link":"https:\/\/amicale-retraites-bretignolles-sur-mer.fr\/index.php\/activites-physiques-douces\/","title":{"rendered":"Activit\u00e9s Physiques Douces"},"content":{"rendered":"\t\t<div data-elementor-type=\"wp-page\" data-elementor-id=\"226\" class=\"elementor elementor-226\">\n\t\t\t\t\t\t<section class=\"elementor-section elementor-top-section elementor-element elementor-element-b4e8f36 elementor-section-boxed elementor-section-height-default elementor-section-height-default\" data-id=\"b4e8f36\" data-element_type=\"section\" data-e-type=\"section\">\n\t\t\t\t\t\t<div class=\"elementor-container elementor-column-gap-default\">\n\t\t\t\t\t<div class=\"elementor-column elementor-col-100 elementor-top-column elementor-element elementor-element-08e395b\" data-id=\"08e395b\" data-element_type=\"column\" data-e-type=\"column\">\n\t\t\t<div class=\"elementor-widget-wrap elementor-element-populated\">\n\t\t\t\t\t\t<div class=\"elementor-element elementor-element-02afaa9 elementor-widget elementor-widget-spacer\" data-id=\"02afaa9\" data-element_type=\"widget\" data-e-type=\"widget\" data-widget_type=\"spacer.default\">\n\t\t\t\t<div class=\"elementor-widget-container\">\n\t\t\t\t\t\t\t<div class=\"elementor-spacer\">\n\t\t\t<div class=\"elementor-spacer-inner\"><\/div>\n\t\t<\/div>\n\t\t\t\t\t\t<\/div>\n\t\t\t\t<\/div>\n\t\t\t\t\t<\/div>\n\t\t<\/div>\n\t\t\t\t\t<\/div>\n\t\t<\/section>\n\t\t\t\t<section class=\"elementor-section elementor-top-section elementor-element elementor-element-f647203 elementor-section-boxed elementor-section-height-default elementor-section-height-default\" data-id=\"f647203\" data-element_type=\"section\" data-e-type=\"section\">\n\t\t\t\t\t\t<div class=\"elementor-container elementor-column-gap-default\">\n\t\t\t\t\t<div class=\"elementor-column elementor-col-100 elementor-top-column elementor-element elementor-element-f5f4580\" data-id=\"f5f4580\" data-element_type=\"column\" data-e-type=\"column\">\n\t\t\t<div class=\"elementor-widget-wrap elementor-element-populated\">\n\t\t\t\t\t\t<div class=\"elementor-element elementor-element-986cd6e elementor-widget elementor-widget-heading\" data-id=\"986cd6e\" data-element_type=\"widget\" data-e-type=\"widget\" data-widget_type=\"heading.default\">\n\t\t\t\t<div class=\"elementor-widget-container\">\n\t\t\t\t\t<h2 class=\"elementor-heading-title elementor-size-default\">Activit\u00e9s Physiques Douces<\/h2>\t\t\t\t<\/div>\n\t\t\t\t<\/div>\n\t\t\t\t\t<\/div>\n\t\t<\/div>\n\t\t\t\t\t<\/div>\n\t\t<\/section>\n\t\t\t\t<section class=\"elementor-section elementor-top-section elementor-element elementor-element-87e291f elementor-section-boxed elementor-section-height-default elementor-section-height-default\" data-id=\"87e291f\" data-element_type=\"section\" data-e-type=\"section\">\n\t\t\t\t\t\t<div class=\"elementor-container elementor-column-gap-default\">\n\t\t\t\t\t<div class=\"elementor-column elementor-col-66 elementor-top-column elementor-element elementor-element-476cfcf\" data-id=\"476cfcf\" data-element_type=\"column\" data-e-type=\"column\">\n\t\t\t<div class=\"elementor-widget-wrap elementor-element-populated\">\n\t\t\t\t\t\t<div class=\"elementor-element elementor-element-66239b8 elementor-widget elementor-widget-text-editor\" data-id=\"66239b8\" data-element_type=\"widget\" data-e-type=\"widget\" data-widget_type=\"text-editor.default\">\n\t\t\t\t<div class=\"elementor-widget-container\">\n\t\t\t\t\t\t\t\t\t<div><span class=\"wsg-font-size-0\">Anim\u00e9 par : Pascale AGUILARD, Chantal CHARRIN, Jocelyne SAINTVAL-NOEL.<\/span><\/div><div><span class=\"wsg-font-size-1\">Rempla\u00e7ante : Jacqueline HERMANSE<\/span><\/div><div>\u00a0<\/div><div><span class=\"wsg-font-size-3\">Jour \/ Horaires : Le lundi de 10H30 \u00e0 12H00.<\/span>\u00a0<\/div><div><span class=\"wsg-font-size-5\">Lieux :\u00a0\u00a0<\/span><span class=\"wsg-font-size-6\">Par beau temps, rendez-vous \u00e0 10h30 sur le parking de la <\/span><span class=\"wsg-font-size-7\">plage du Marais Girard.<br \/>Par temps de pluie, rendez-vous \u00e0 10h45 \u00e0 la salle de danse, au dessus de la salle des sports, rue de la Gite.<\/span><\/div>\t\t\t\t\t\t\t\t<\/div>\n\t\t\t\t<\/div>\n\t\t\t\t\t<\/div>\n\t\t<\/div>\n\t\t\t\t<div class=\"elementor-column elementor-col-33 elementor-top-column elementor-element elementor-element-9376cfb\" data-id=\"9376cfb\" data-element_type=\"column\" data-e-type=\"column\">\n\t\t\t<div class=\"elementor-widget-wrap elementor-element-populated\">\n\t\t\t\t\t\t<div class=\"elementor-element elementor-element-ec4fc69 elementor-widget elementor-widget-image\" data-id=\"ec4fc69\" data-element_type=\"widget\" data-e-type=\"widget\" data-widget_type=\"image.default\">\n\t\t\t\t<div class=\"elementor-widget-container\">\n\t\t\t\t\t\t\t\t\t\t\t\t\t\t\t<img fetchpriority=\"high\" decoding=\"async\" width=\"1024\" height=\"576\" src=\"https:\/\/amicale-retraites-bretignolles-sur-mer.fr\/wp-content\/uploads\/2023\/03\/20220919112045-1024x576.jpg\" class=\"attachment-large size-large wp-image-1695\" alt=\"\" srcset=\"https:\/\/amicale-retraites-bretignolles-sur-mer.fr\/wp-content\/uploads\/2023\/03\/20220919112045-1024x576.jpg 1024w, https:\/\/amicale-retraites-bretignolles-sur-mer.fr\/wp-content\/uploads\/2023\/03\/20220919112045-300x169.jpg 300w, https:\/\/amicale-retraites-bretignolles-sur-mer.fr\/wp-content\/uploads\/2023\/03\/20220919112045-768x432.jpg 768w, https:\/\/amicale-retraites-bretignolles-sur-mer.fr\/wp-content\/uploads\/2023\/03\/20220919112045-1536x864.jpg 1536w, https:\/\/amicale-retraites-bretignolles-sur-mer.fr\/wp-content\/uploads\/2023\/03\/20220919112045-2048x1152.jpg 2048w\" sizes=\"(max-width: 1024px) 100vw, 1024px\" \/>\t\t\t\t\t\t\t\t\t\t\t\t\t\t\t<\/div>\n\t\t\t\t<\/div>\n\t\t\t\t\t<\/div>\n\t\t<\/div>\n\t\t\t\t\t<\/div>\n\t\t<\/section>\n\t\t\t\t<section class=\"elementor-section elementor-top-section elementor-element elementor-element-f40c338 elementor-section-boxed elementor-section-height-default elementor-section-height-default\" data-id=\"f40c338\" data-element_type=\"section\" data-e-type=\"section\">\n\t\t\t\t\t\t<div class=\"elementor-container elementor-column-gap-default\">\n\t\t\t\t\t<div class=\"elementor-column elementor-col-100 elementor-top-column elementor-element elementor-element-fa00cfb\" data-id=\"fa00cfb\" data-element_type=\"column\" data-e-type=\"column\">\n\t\t\t<div class=\"elementor-widget-wrap elementor-element-populated\">\n\t\t\t\t\t\t<div class=\"elementor-element elementor-element-95c0eed elementor-widget elementor-widget-text-editor\" data-id=\"95c0eed\" data-element_type=\"widget\" data-e-type=\"widget\" data-widget_type=\"text-editor.default\">\n\t\t\t\t<div class=\"elementor-widget-container\">\n\t\t\t\t\t\t\t\t\t<div><span class=\"rpd-p1 wsg-font-size-0\"><span class=\"wsg-font-size-0\">Vous \u00eates un peu tamalou ou m\u00eame beaucoup tamalou, ou\u00a0tout simplement vous avez envie d\u2019une activit\u00e9 cool, cette animation est pour vous. Ici pas de probl\u00e8me sans solution\u00a0:\u00a0<\/span><span class=\"wsg-font-size-1\">vous ne pouvez pas vous mettre au sol, vous vous asseyez sur\u00a0un gros ballon\u00a0; vous ne vous sentez pas \u00e0 l\u2019aise sur le ballon,\u00a0vous vous installez sur une chaise\u00a0; un exercice est\u00a0incompatible avec votre probl\u00e8me de sant\u00e9, un rempla\u00e7ant\u00a0vous sera propos\u00e9.\u00a0En g\u00e9n\u00e9ral chaque s\u00e9ance se termine par\u00a0:<\/span><\/span><\/div><div><span class=\"rpd-p1 wsg-font-size-1\"><span class=\"wsg-font-size-3\">On a bien travaill\u00e9 aujourd\u2019hui ! Et qu\u2019est-ce qu\u2019on a bien rigol\u00e9 !<\/span><\/span><\/div>\t\t\t\t\t\t\t\t<\/div>\n\t\t\t\t<\/div>\n\t\t\t\t\t<\/div>\n\t\t<\/div>\n\t\t\t\t\t<\/div>\n\t\t<\/section>\n\t\t\t\t<section class=\"elementor-section elementor-top-section elementor-element elementor-element-103d369 elementor-section-boxed elementor-section-height-default elementor-section-height-default\" data-id=\"103d369\" data-element_type=\"section\" data-e-type=\"section\">\n\t\t\t\t\t\t<div class=\"elementor-container elementor-column-gap-default\">\n\t\t\t\t\t<div class=\"elementor-column elementor-col-100 elementor-top-column elementor-element elementor-element-fd50434\" data-id=\"fd50434\" data-element_type=\"column\" data-e-type=\"column\">\n\t\t\t<div class=\"elementor-widget-wrap elementor-element-populated\">\n\t\t\t\t\t\t<div class=\"elementor-element elementor-element-2693647 elementor-widget elementor-widget-text-editor\" data-id=\"2693647\" data-element_type=\"widget\" data-e-type=\"widget\" data-widget_type=\"text-editor.default\">\n\t\t\t\t<div class=\"elementor-widget-container\">\n\t\t\t\t\t\t\t\t\t<div><span class=\"wsg-font-size-3 wsg-font-size-0\"><u>A L\u2019INTENTION DES PERSONNES PRATIQUANT LA GYMNASTIQUE.<\/u><\/span><\/div><div>\u00a0<\/div><div><span class=\"wsg-font-size-5 wsg-font-size-2\">LA PRATIQUE DE LA GYMNASTIQUE EN CHAUSSETTES OU PIEDS NUS\u00a0\u00a0N\u2019EST PAS AUTORISEE.<\/span><\/div><div>POUR VOTRE CONFORT ET VOTRE SECURITE\u00a0:<\/div><ul><li><span class=\"wsg-font-size-8 wsg-font-size-5\">\u00a0\u00a0\u00a0\u00a0 VOUS DEVEZ PORTER DES VETEMENTS ET DES CHAUSSURES\u00a0 ADAPTEES A LA PRATIQUE DE LA GYMNASTIQUE.<\/span><\/li><li><span class=\"wsg-font-size-9 wsg-font-size-6\">\u00a0\u00a0\u00a0\u00a0 SUIVRE LES CONSIGNES DE LA PERSONNE QUI ANIME LE COURS.<\/span><\/li><li><span class=\"wsg-font-size-10 wsg-font-size-7\">\u00a0\u00a0\u00a0\u00a0 PAR MESURE D\u2019HYGIENE, IL EST VIVEMENT CONSEILLE DE RECOUVRIR LE TAPIS AVEC UNE SERVIETTE.<\/span><\/li><\/ul><div>EN CAS DE NON RESPECT DE CES CONSIGNES, LA PERSONNE QUI ANIME NE POURRA PAS ETRE TENUE POUR RESPONSABLE D\u2019EVENTUEL ACCIDENT.<\/div><div><span class=\"wsg-font-size-13 wsg-font-size-10\">\u00a0<\/span><\/div><div>LE RESPONSABLE DE LA COMMISSION ACTIVITE SPORTIVE<\/div><div><span class=\"wsg-font-size-15 wsg-font-size-12\">\u00a0<\/span>JEAN-MICHEL POIRIER<\/div>\t\t\t\t\t\t\t\t<\/div>\n\t\t\t\t<\/div>\n\t\t\t\t\t<\/div>\n\t\t<\/div>\n\t\t\t\t\t<\/div>\n\t\t<\/section>\n\t\t\t\t<section class=\"elementor-section elementor-top-section elementor-element elementor-element-04a5d29 elementor-section-boxed elementor-section-height-default elementor-section-height-default\" data-id=\"04a5d29\" data-element_type=\"section\" data-e-type=\"section\">\n\t\t\t\t\t\t<div class=\"elementor-container elementor-column-gap-default\">\n\t\t\t\t\t<div class=\"elementor-column elementor-col-100 elementor-top-column elementor-element elementor-element-c787605\" data-id=\"c787605\" data-element_type=\"column\" data-e-type=\"column\">\n\t\t\t<div class=\"elementor-widget-wrap elementor-element-populated\">\n\t\t\t\t\t\t<div class=\"elementor-element elementor-element-4bda14a elementor-align-center elementor-widget elementor-widget-button\" data-id=\"4bda14a\" data-element_type=\"widget\" data-e-type=\"widget\" data-widget_type=\"button.default\">\n\t\t\t\t<div class=\"elementor-widget-container\">\n\t\t\t\t\t\t\t\t\t<div class=\"elementor-button-wrapper\">\n\t\t\t\t\t<a class=\"elementor-button elementor-button-link elementor-size-sm\" href=\"https:\/\/photos.app.goo.gl\/MhLC17AESSkzefbD8\" target=\"_blank\">\n\t\t\t\t\t\t<span class=\"elementor-button-content-wrapper\">\n\t\t\t\t\t\t\t\t\t<span class=\"elementor-button-text\">Quelques photos des Gymnastiques<\/span>\n\t\t\t\t\t<\/span>\n\t\t\t\t\t<\/a>\n\t\t\t\t<\/div>\n\t\t\t\t\t\t\t\t<\/div>\n\t\t\t\t<\/div>\n\t\t\t\t\t<\/div>\n\t\t<\/div>\n\t\t\t\t\t<\/div>\n\t\t<\/section>\n\t\t\t\t<section class=\"elementor-section elementor-top-section elementor-element elementor-element-9c37120 elementor-section-boxed elementor-section-height-default elementor-section-height-default\" data-id=\"9c37120\" data-element_type=\"section\" data-e-type=\"section\">\n\t\t\t\t\t\t<div class=\"elementor-container elementor-column-gap-default\">\n\t\t\t\t\t<div class=\"elementor-column elementor-col-100 elementor-top-column elementor-element elementor-element-8ef1ea6\" data-id=\"8ef1ea6\" data-element_type=\"column\" data-e-type=\"column\">\n\t\t\t<div class=\"elementor-widget-wrap elementor-element-populated\">\n\t\t\t\t\t\t<div class=\"elementor-element elementor-element-cd70cdd elementor-widget elementor-widget-text-editor\" data-id=\"cd70cdd\" data-element_type=\"widget\" data-e-type=\"widget\" data-widget_type=\"text-editor.default\">\n\t\t\t\t<div class=\"elementor-widget-container\">\n\t\t\t\t\t\t\t\t\t<p>Ci-dessous, 3 photos de fin de saison &#8230; en flagrant d\u00e9lit d&rsquo;activit\u00e9 physique tr\u00e8s intense !<\/p>\t\t\t\t\t\t\t\t<\/div>\n\t\t\t\t<\/div>\n\t\t\t\t\t<\/div>\n\t\t<\/div>\n\t\t\t\t\t<\/div>\n\t\t<\/section>\n\t\t\t\t<section class=\"elementor-section elementor-top-section elementor-element elementor-element-78e6485 elementor-section-boxed elementor-section-height-default elementor-section-height-default\" data-id=\"78e6485\" data-element_type=\"section\" data-e-type=\"section\">\n\t\t\t\t\t\t<div class=\"elementor-container elementor-column-gap-default\">\n\t\t\t\t\t<div class=\"elementor-column elementor-col-33 elementor-top-column elementor-element elementor-element-a2fb025\" data-id=\"a2fb025\" data-element_type=\"column\" data-e-type=\"column\">\n\t\t\t<div class=\"elementor-widget-wrap elementor-element-populated\">\n\t\t\t\t\t\t<div class=\"elementor-element elementor-element-87f9b8c elementor-widget elementor-widget-image\" data-id=\"87f9b8c\" data-element_type=\"widget\" data-e-type=\"widget\" data-widget_type=\"image.default\">\n\t\t\t\t<div class=\"elementor-widget-container\">\n\t\t\t\t\t\t\t\t\t\t\t\t\t\t\t<img decoding=\"async\" width=\"1024\" height=\"461\" src=\"https:\/\/amicale-retraites-bretignolles-sur-mer.fr\/wp-content\/uploads\/2023\/07\/2023070312210-1024x461.jpg\" class=\"attachment-large size-large wp-image-5155\" alt=\"\" srcset=\"https:\/\/amicale-retraites-bretignolles-sur-mer.fr\/wp-content\/uploads\/2023\/07\/2023070312210-1024x461.jpg 1024w, https:\/\/amicale-retraites-bretignolles-sur-mer.fr\/wp-content\/uploads\/2023\/07\/2023070312210-300x135.jpg 300w, https:\/\/amicale-retraites-bretignolles-sur-mer.fr\/wp-content\/uploads\/2023\/07\/2023070312210-768x346.jpg 768w, https:\/\/amicale-retraites-bretignolles-sur-mer.fr\/wp-content\/uploads\/2023\/07\/2023070312210-1536x691.jpg 1536w, https:\/\/amicale-retraites-bretignolles-sur-mer.fr\/wp-content\/uploads\/2023\/07\/2023070312210-rotated.jpg 1600w\" sizes=\"(max-width: 1024px) 100vw, 1024px\" \/>\t\t\t\t\t\t\t\t\t\t\t\t\t\t\t<\/div>\n\t\t\t\t<\/div>\n\t\t\t\t\t<\/div>\n\t\t<\/div>\n\t\t\t\t<div class=\"elementor-column elementor-col-33 elementor-top-column elementor-element elementor-element-1365723\" data-id=\"1365723\" data-element_type=\"column\" data-e-type=\"column\">\n\t\t\t<div class=\"elementor-widget-wrap elementor-element-populated\">\n\t\t\t\t\t\t<div class=\"elementor-element elementor-element-fbddec1 elementor-widget elementor-widget-image\" data-id=\"fbddec1\" data-element_type=\"widget\" data-e-type=\"widget\" data-widget_type=\"image.default\">\n\t\t\t\t<div class=\"elementor-widget-container\">\n\t\t\t\t\t\t\t\t\t\t\t\t\t\t\t<img decoding=\"async\" width=\"1024\" height=\"576\" src=\"https:\/\/amicale-retraites-bretignolles-sur-mer.fr\/wp-content\/uploads\/2024\/06\/2024060315754-1024x576.jpg\" class=\"attachment-large size-large wp-image-9992\" alt=\"\" srcset=\"https:\/\/amicale-retraites-bretignolles-sur-mer.fr\/wp-content\/uploads\/2024\/06\/2024060315754-1024x576.jpg 1024w, https:\/\/amicale-retraites-bretignolles-sur-mer.fr\/wp-content\/uploads\/2024\/06\/2024060315754-300x169.jpg 300w, https:\/\/amicale-retraites-bretignolles-sur-mer.fr\/wp-content\/uploads\/2024\/06\/2024060315754-768x432.jpg 768w, https:\/\/amicale-retraites-bretignolles-sur-mer.fr\/wp-content\/uploads\/2024\/06\/2024060315754.jpg 1036w\" sizes=\"(max-width: 1024px) 100vw, 1024px\" \/>\t\t\t\t\t\t\t\t\t\t\t\t\t\t\t<\/div>\n\t\t\t\t<\/div>\n\t\t\t\t\t<\/div>\n\t\t<\/div>\n\t\t\t\t<div class=\"elementor-column elementor-col-33 elementor-top-column elementor-element elementor-element-8228ad2\" data-id=\"8228ad2\" data-element_type=\"column\" data-e-type=\"column\">\n\t\t\t<div class=\"elementor-widget-wrap elementor-element-populated\">\n\t\t\t\t\t\t<div class=\"elementor-element elementor-element-0d9fc7d elementor-widget elementor-widget-image\" data-id=\"0d9fc7d\" data-element_type=\"widget\" data-e-type=\"widget\" data-widget_type=\"image.default\">\n\t\t\t\t<div class=\"elementor-widget-container\">\n\t\t\t\t\t\t\t\t\t\t\t\t\t\t\t<img loading=\"lazy\" decoding=\"async\" width=\"1024\" height=\"461\" src=\"https:\/\/amicale-retraites-bretignolles-sur-mer.fr\/wp-content\/uploads\/2023\/07\/2023070313353-1024x461.jpg\" class=\"attachment-large size-large wp-image-5156\" alt=\"\" srcset=\"https:\/\/amicale-retraites-bretignolles-sur-mer.fr\/wp-content\/uploads\/2023\/07\/2023070313353-1024x461.jpg 1024w, https:\/\/amicale-retraites-bretignolles-sur-mer.fr\/wp-content\/uploads\/2023\/07\/2023070313353-300x135.jpg 300w, https:\/\/amicale-retraites-bretignolles-sur-mer.fr\/wp-content\/uploads\/2023\/07\/2023070313353-768x346.jpg 768w, https:\/\/amicale-retraites-bretignolles-sur-mer.fr\/wp-content\/uploads\/2023\/07\/2023070313353-1536x691.jpg 1536w, https:\/\/amicale-retraites-bretignolles-sur-mer.fr\/wp-content\/uploads\/2023\/07\/2023070313353.jpg 1600w\" sizes=\"(max-width: 1024px) 100vw, 1024px\" \/>\t\t\t\t\t\t\t\t\t\t\t\t\t\t\t<\/div>\n\t\t\t\t<\/div>\n\t\t\t\t\t<\/div>\n\t\t<\/div>\n\t\t\t\t\t<\/div>\n\t\t<\/section>\n\t\t\t\t<\/div>\n\t\t","protected":false},"excerpt":{"rendered":"<p>Activit\u00e9s Physiques Douces Anim\u00e9 par : Pascale AGUILARD, Chantal CHARRIN, Jocelyne SAINTVAL-NOEL.Rempla\u00e7ante : Jacqueline HERMANSE\u00a0Jour \/ Horaires : Le lundi de 10H30 \u00e0 12H00.\u00a0Lieux :\u00a0\u00a0Par beau temps, rendez-vous \u00e0 10h30 sur le parking de la plage du Marais Girard.Par temps de pluie, rendez-vous \u00e0 10h45 \u00e0 la salle de danse, au dessus de la salle [&hellip;]<\/p>\n","protected":false},"author":1,"featured_media":0,"parent":0,"menu_order":0,"comment_status":"closed","ping_status":"closed","template":"","meta":{"site-sidebar-layout":"no-sidebar","site-content-layout":"page-builder","ast-site-content-layout":"default","site-content-style":"default","site-sidebar-style":"default","ast-global-header-display":"","ast-banner-title-visibility":"","ast-main-header-display":"","ast-hfb-above-header-display":"","ast-hfb-below-header-display":"","ast-hfb-mobile-header-display":"","site-post-title":"disabled","ast-breadcrumbs-content":"","ast-featured-img":"disabled","footer-sml-layout":"","ast-disable-related-posts":"","theme-transparent-header-meta":"","adv-header-id-meta":"","stick-header-meta":"","header-above-stick-meta":"","header-main-stick-meta":"","header-below-stick-meta":"","astra-migrate-meta-layouts":"default","ast-page-background-enabled":"default","ast-page-background-meta":{"desktop":{"background-color":"var(--ast-global-color-4)","background-image":"","background-repeat":"repeat","background-position":"center center","background-size":"auto","background-attachment":"scroll","background-type":"","background-media":"","overlay-type":"","overlay-color":"","overlay-opacity":"","overlay-gradient":""},"tablet":{"background-color":"","background-image":"","background-repeat":"repeat","background-position":"center center","background-size":"auto","background-attachment":"scroll","background-type":"","background-media":"","overlay-type":"","overlay-color":"","overlay-opacity":"","overlay-gradient":""},"mobile":{"background-color":"","background-image":"","background-repeat":"repeat","background-position":"center center","background-size":"auto","background-attachment":"scroll","background-type":"","background-media":"","overlay-type":"","overlay-color":"","overlay-opacity":"","overlay-gradient":""}},"ast-content-background-meta":{"desktop":{"background-color":"var(--ast-global-color-5)","background-image":"","background-repeat":"repeat","background-position":"center center","background-size":"auto","background-attachment":"scroll","background-type":"","background-media":"","overlay-type":"","overlay-color":"","overlay-opacity":"","overlay-gradient":""},"tablet":{"background-color":"var(--ast-global-color-5)","background-image":"","background-repeat":"repeat","background-position":"center center","background-size":"auto","background-attachment":"scroll","background-type":"","background-media":"","overlay-type":"","overlay-color":"","overlay-opacity":"","overlay-gradient":""},"mobile":{"background-color":"var(--ast-global-color-5)","background-image":"","background-repeat":"repeat","background-position":"center center","background-size":"auto","background-attachment":"scroll","background-type":"","background-media":"","overlay-type":"","overlay-color":"","overlay-opacity":"","overlay-gradient":""}},"footnotes":""},"class_list":["post-226","page","type-page","status-publish","hentry"],"_links":{"self":[{"href":"https:\/\/amicale-retraites-bretignolles-sur-mer.fr\/index.php\/wp-json\/wp\/v2\/pages\/226","targetHints":{"allow":["GET"]}}],"collection":[{"href":"https:\/\/amicale-retraites-bretignolles-sur-mer.fr\/index.php\/wp-json\/wp\/v2\/pages"}],"about":[{"href":"https:\/\/amicale-retraites-bretignolles-sur-mer.fr\/index.php\/wp-json\/wp\/v2\/types\/page"}],"author":[{"embeddable":true,"href":"https:\/\/amicale-retraites-bretignolles-sur-mer.fr\/index.php\/wp-json\/wp\/v2\/users\/1"}],"replies":[{"embeddable":true,"href":"https:\/\/amicale-retraites-bretignolles-sur-mer.fr\/index.php\/wp-json\/wp\/v2\/comments?post=226"}],"version-history":[{"count":9,"href":"https:\/\/amicale-retraites-bretignolles-sur-mer.fr\/index.php\/wp-json\/wp\/v2\/pages\/226\/revisions"}],"predecessor-version":[{"id":9998,"href":"https:\/\/amicale-retraites-bretignolles-sur-mer.fr\/index.php\/wp-json\/wp\/v2\/pages\/226\/revisions\/9998"}],"wp:attachment":[{"href":"https:\/\/amicale-retraites-bretignolles-sur-mer.fr\/index.php\/wp-json\/wp\/v2\/media?parent=226"}],"curies":[{"name":"wp","href":"https:\/\/api.w.org\/{rel}","templated":true}]}}