{"id":266,"date":"2023-02-25T15:00:52","date_gmt":"2023-02-25T14:00:52","guid":{"rendered":"https:\/\/amicale-retraites-bretignolles-sur-mer.fr\/?page_id=266"},"modified":"2025-11-21T08:03:43","modified_gmt":"2025-11-21T07:03:43","slug":"le-road-tour","status":"publish","type":"page","link":"https:\/\/amicale-retraites-bretignolles-sur-mer.fr\/index.php\/le-road-tour\/","title":{"rendered":"Le Road Tour"},"content":{"rendered":"\t\t<div data-elementor-type=\"wp-page\" data-elementor-id=\"266\" class=\"elementor elementor-266\">\n\t\t\t\t\t\t<section class=\"elementor-section elementor-top-section elementor-element elementor-element-889626e elementor-section-boxed elementor-section-height-default elementor-section-height-default\" data-id=\"889626e\" data-element_type=\"section\" data-e-type=\"section\">\n\t\t\t\t\t\t<div class=\"elementor-container elementor-column-gap-default\">\n\t\t\t\t\t<div class=\"elementor-column elementor-col-100 elementor-top-column elementor-element elementor-element-d2882ba\" data-id=\"d2882ba\" data-element_type=\"column\" data-e-type=\"column\">\n\t\t\t<div class=\"elementor-widget-wrap elementor-element-populated\">\n\t\t\t\t\t\t<div class=\"elementor-element elementor-element-7340f78 elementor-widget elementor-widget-spacer\" data-id=\"7340f78\" data-element_type=\"widget\" data-e-type=\"widget\" data-widget_type=\"spacer.default\">\n\t\t\t\t<div class=\"elementor-widget-container\">\n\t\t\t\t\t\t\t<div class=\"elementor-spacer\">\n\t\t\t<div class=\"elementor-spacer-inner\"><\/div>\n\t\t<\/div>\n\t\t\t\t\t\t<\/div>\n\t\t\t\t<\/div>\n\t\t\t\t\t<\/div>\n\t\t<\/div>\n\t\t\t\t\t<\/div>\n\t\t<\/section>\n\t\t\t\t<section class=\"elementor-section elementor-top-section elementor-element elementor-element-7058d40 elementor-section-boxed elementor-section-height-default elementor-section-height-default\" data-id=\"7058d40\" data-element_type=\"section\" data-e-type=\"section\">\n\t\t\t\t\t\t<div class=\"elementor-container elementor-column-gap-default\">\n\t\t\t\t\t<div class=\"elementor-column elementor-col-100 elementor-top-column elementor-element elementor-element-f0c939e\" data-id=\"f0c939e\" data-element_type=\"column\" data-e-type=\"column\">\n\t\t\t<div class=\"elementor-widget-wrap elementor-element-populated\">\n\t\t\t\t\t\t<div class=\"elementor-element elementor-element-560fe26 elementor-widget elementor-widget-heading\" data-id=\"560fe26\" data-element_type=\"widget\" data-e-type=\"widget\" data-widget_type=\"heading.default\">\n\t\t\t\t<div class=\"elementor-widget-container\">\n\t\t\t\t\t<h2 class=\"elementor-heading-title elementor-size-default\">Le Road Tour<\/h2>\t\t\t\t<\/div>\n\t\t\t\t<\/div>\n\t\t\t\t\t<\/div>\n\t\t<\/div>\n\t\t\t\t\t<\/div>\n\t\t<\/section>\n\t\t\t\t<section class=\"elementor-section elementor-top-section elementor-element elementor-element-5e41109 elementor-section-boxed elementor-section-height-default elementor-section-height-default\" data-id=\"5e41109\" data-element_type=\"section\" data-e-type=\"section\">\n\t\t\t\t\t\t<div class=\"elementor-container elementor-column-gap-default\">\n\t\t\t\t\t<div class=\"elementor-column elementor-col-50 elementor-top-column elementor-element elementor-element-8ab4003\" data-id=\"8ab4003\" data-element_type=\"column\" data-e-type=\"column\">\n\t\t\t<div class=\"elementor-widget-wrap elementor-element-populated\">\n\t\t\t\t\t\t<div class=\"elementor-element elementor-element-9ae739e elementor-widget elementor-widget-image\" data-id=\"9ae739e\" data-element_type=\"widget\" data-e-type=\"widget\" data-widget_type=\"image.default\">\n\t\t\t\t<div class=\"elementor-widget-container\">\n\t\t\t\t\t\t\t\t\t\t\t\t\t\t\t<img fetchpriority=\"high\" decoding=\"async\" width=\"1024\" height=\"723\" src=\"http:\/\/amicale-retraites-bretignolles-sur-mer.fr\/wp-content\/uploads\/2023\/02\/roadtour1-1024x723.jpg\" class=\"attachment-large size-large wp-image-1410\" alt=\"\" srcset=\"http:\/\/amicale-retraites-bretignolles-sur-mer.fr\/wp-content\/uploads\/2023\/02\/roadtour1-1024x723.jpg 1024w, http:\/\/amicale-retraites-bretignolles-sur-mer.fr\/wp-content\/uploads\/2023\/02\/roadtour1-300x212.jpg 300w, http:\/\/amicale-retraites-bretignolles-sur-mer.fr\/wp-content\/uploads\/2023\/02\/roadtour1-768x542.jpg 768w, http:\/\/amicale-retraites-bretignolles-sur-mer.fr\/wp-content\/uploads\/2023\/02\/roadtour1.jpg 1528w\" sizes=\"(max-width: 1024px) 100vw, 1024px\" \/>\t\t\t\t\t\t\t\t\t\t\t\t\t\t\t<\/div>\n\t\t\t\t<\/div>\n\t\t\t\t\t<\/div>\n\t\t<\/div>\n\t\t\t\t<div class=\"elementor-column elementor-col-50 elementor-top-column elementor-element elementor-element-f104da5\" data-id=\"f104da5\" data-element_type=\"column\" data-e-type=\"column\">\n\t\t\t<div class=\"elementor-widget-wrap elementor-element-populated\">\n\t\t\t\t\t\t<div class=\"elementor-element elementor-element-c94e336 elementor-widget elementor-widget-text-editor\" data-id=\"c94e336\" data-element_type=\"widget\" data-e-type=\"widget\" data-widget_type=\"text-editor.default\">\n\t\t\t\t<div class=\"elementor-widget-container\">\n\t\t\t\t\t\t\t\t\t<p>Le Road Tour Sports pour Tous est pass\u00e9 par Br\u00e9tignolles sur Mer, le samedi 08 Octobre 2022 !<\/p><p>Gr\u00e2ce \u00e0 une superbe journ\u00e9e ensoleill\u00e9e d\u2019Automne, cette manifestation a \u00e9t\u00e9 enti\u00e8rement r\u00e9ussie, malgr\u00e9 la faible participation des habitants de Br\u00e9tignolles\u2026<\/p><p>Heureusement, les adh\u00e9rents de l\u2019Amicale des Retrait\u00e9s de Br\u00e9tignolles sur Mer ont r\u00e9pondu \u201cpr\u00e9sent\u201d\u2026 et la pa\u00eblla \u00e9tait excellente et copieuse, avec plus de soixante convives.<\/p>\t\t\t\t\t\t\t\t<\/div>\n\t\t\t\t<\/div>\n\t\t\t\t\t<\/div>\n\t\t<\/div>\n\t\t\t\t\t<\/div>\n\t\t<\/section>\n\t\t\t\t<section class=\"elementor-section elementor-top-section elementor-element elementor-element-c669d13 elementor-section-boxed elementor-section-height-default elementor-section-height-default\" data-id=\"c669d13\" data-element_type=\"section\" data-e-type=\"section\">\n\t\t\t\t\t\t<div class=\"elementor-container elementor-column-gap-default\">\n\t\t\t\t\t<div class=\"elementor-column elementor-col-100 elementor-top-column elementor-element elementor-element-2f9f955\" data-id=\"2f9f955\" data-element_type=\"column\" data-e-type=\"column\">\n\t\t\t<div class=\"elementor-widget-wrap elementor-element-populated\">\n\t\t\t\t\t\t<div class=\"elementor-element elementor-element-7a7cca3 elementor-align-center elementor-widget elementor-widget-button\" data-id=\"7a7cca3\" data-element_type=\"widget\" data-e-type=\"widget\" data-widget_type=\"button.default\">\n\t\t\t\t<div class=\"elementor-widget-container\">\n\t\t\t\t\t\t\t\t\t<div class=\"elementor-button-wrapper\">\n\t\t\t\t\t<a class=\"elementor-button elementor-button-link elementor-size-sm\" href=\"https:\/\/photos.app.goo.gl\/eMLDxsj4xjrUctXy6\" target=\"_blank\">\n\t\t\t\t\t\t<span class=\"elementor-button-content-wrapper\">\n\t\t\t\t\t\t\t\t\t<span class=\"elementor-button-text\">Toutes les photos de cette journ\u00e9e du 8 Octobre, ici<\/span>\n\t\t\t\t\t<\/span>\n\t\t\t\t\t<\/a>\n\t\t\t\t<\/div>\n\t\t\t\t\t\t\t\t<\/div>\n\t\t\t\t<\/div>\n\t\t\t\t\t<\/div>\n\t\t<\/div>\n\t\t\t\t\t<\/div>\n\t\t<\/section>\n\t\t\t\t<section class=\"elementor-section elementor-top-section elementor-element elementor-element-8790623 elementor-section-boxed elementor-section-height-default elementor-section-height-default\" data-id=\"8790623\" data-element_type=\"section\" data-e-type=\"section\">\n\t\t\t\t\t\t<div class=\"elementor-container elementor-column-gap-default\">\n\t\t\t\t\t<div class=\"elementor-column elementor-col-50 elementor-top-column elementor-element elementor-element-618f2fe\" data-id=\"618f2fe\" data-element_type=\"column\" data-e-type=\"column\">\n\t\t\t<div class=\"elementor-widget-wrap elementor-element-populated\">\n\t\t\t\t\t\t<div class=\"elementor-element elementor-element-fa36633 elementor-widget elementor-widget-image\" data-id=\"fa36633\" data-element_type=\"widget\" data-e-type=\"widget\" data-widget_type=\"image.default\">\n\t\t\t\t<div class=\"elementor-widget-container\">\n\t\t\t\t\t\t\t\t\t\t\t\t\t\t\t<img decoding=\"async\" width=\"724\" height=\"1024\" src=\"http:\/\/amicale-retraites-bretignolles-sur-mer.fr\/wp-content\/uploads\/2023\/02\/affiche-recto-image-724x1024.jpg\" class=\"attachment-large size-large wp-image-1412\" alt=\"\" srcset=\"http:\/\/amicale-retraites-bretignolles-sur-mer.fr\/wp-content\/uploads\/2023\/02\/affiche-recto-image-724x1024.jpg 724w, http:\/\/amicale-retraites-bretignolles-sur-mer.fr\/wp-content\/uploads\/2023\/02\/affiche-recto-image-212x300.jpg 212w, http:\/\/amicale-retraites-bretignolles-sur-mer.fr\/wp-content\/uploads\/2023\/02\/affiche-recto-image-768x1086.jpg 768w, http:\/\/amicale-retraites-bretignolles-sur-mer.fr\/wp-content\/uploads\/2023\/02\/affiche-recto-image-1086x1536.jpg 1086w, http:\/\/amicale-retraites-bretignolles-sur-mer.fr\/wp-content\/uploads\/2023\/02\/affiche-recto-image.jpg 1414w\" sizes=\"(max-width: 724px) 100vw, 724px\" \/>\t\t\t\t\t\t\t\t\t\t\t\t\t\t\t<\/div>\n\t\t\t\t<\/div>\n\t\t\t\t\t<\/div>\n\t\t<\/div>\n\t\t\t\t<div class=\"elementor-column elementor-col-50 elementor-top-column elementor-element elementor-element-adf31e2\" data-id=\"adf31e2\" data-element_type=\"column\" data-e-type=\"column\">\n\t\t\t<div class=\"elementor-widget-wrap elementor-element-populated\">\n\t\t\t\t\t\t<div class=\"elementor-element elementor-element-411cee8 elementor-widget elementor-widget-image\" data-id=\"411cee8\" data-element_type=\"widget\" data-e-type=\"widget\" data-widget_type=\"image.default\">\n\t\t\t\t<div class=\"elementor-widget-container\">\n\t\t\t\t\t\t\t\t\t\t\t\t\t\t\t<img decoding=\"async\" width=\"724\" height=\"1024\" src=\"http:\/\/amicale-retraites-bretignolles-sur-mer.fr\/wp-content\/uploads\/2023\/02\/affiche-verso-image-724x1024.jpg\" class=\"attachment-large size-large wp-image-1413\" alt=\"\" srcset=\"http:\/\/amicale-retraites-bretignolles-sur-mer.fr\/wp-content\/uploads\/2023\/02\/affiche-verso-image-724x1024.jpg 724w, http:\/\/amicale-retraites-bretignolles-sur-mer.fr\/wp-content\/uploads\/2023\/02\/affiche-verso-image-212x300.jpg 212w, http:\/\/amicale-retraites-bretignolles-sur-mer.fr\/wp-content\/uploads\/2023\/02\/affiche-verso-image-768x1086.jpg 768w, http:\/\/amicale-retraites-bretignolles-sur-mer.fr\/wp-content\/uploads\/2023\/02\/affiche-verso-image-1086x1536.jpg 1086w, http:\/\/amicale-retraites-bretignolles-sur-mer.fr\/wp-content\/uploads\/2023\/02\/affiche-verso-image.jpg 1414w\" sizes=\"(max-width: 724px) 100vw, 724px\" \/>\t\t\t\t\t\t\t\t\t\t\t\t\t\t\t<\/div>\n\t\t\t\t<\/div>\n\t\t\t\t\t<\/div>\n\t\t<\/div>\n\t\t\t\t\t<\/div>\n\t\t<\/section>\n\t\t\t\t<section class=\"elementor-section elementor-top-section elementor-element elementor-element-8baf289 elementor-section-boxed elementor-section-height-default elementor-section-height-default\" data-id=\"8baf289\" data-element_type=\"section\" data-e-type=\"section\">\n\t\t\t\t\t\t<div class=\"elementor-container elementor-column-gap-default\">\n\t\t\t\t\t<div class=\"elementor-column elementor-col-100 elementor-top-column elementor-element elementor-element-4ed1f7a\" data-id=\"4ed1f7a\" data-element_type=\"column\" data-e-type=\"column\">\n\t\t\t<div class=\"elementor-widget-wrap elementor-element-populated\">\n\t\t\t\t\t\t<div class=\"elementor-element elementor-element-ab17c51 elementor-widget elementor-widget-image\" data-id=\"ab17c51\" data-element_type=\"widget\" data-e-type=\"widget\" data-widget_type=\"image.default\">\n\t\t\t\t<div class=\"elementor-widget-container\">\n\t\t\t\t\t\t\t\t\t\t\t\t\t\t\t<img loading=\"lazy\" decoding=\"async\" width=\"1024\" height=\"576\" src=\"http:\/\/amicale-retraites-bretignolles-sur-mer.fr\/wp-content\/uploads\/2023\/03\/roadtour00-1024x576.jpg\" class=\"attachment-large size-large wp-image-1605\" alt=\"\" srcset=\"http:\/\/amicale-retraites-bretignolles-sur-mer.fr\/wp-content\/uploads\/2023\/03\/roadtour00-1024x576.jpg 1024w, http:\/\/amicale-retraites-bretignolles-sur-mer.fr\/wp-content\/uploads\/2023\/03\/roadtour00-300x169.jpg 300w, http:\/\/amicale-retraites-bretignolles-sur-mer.fr\/wp-content\/uploads\/2023\/03\/roadtour00-768x432.jpg 768w, http:\/\/amicale-retraites-bretignolles-sur-mer.fr\/wp-content\/uploads\/2023\/03\/roadtour00-1536x864.jpg 1536w, http:\/\/amicale-retraites-bretignolles-sur-mer.fr\/wp-content\/uploads\/2023\/03\/roadtour00.jpg 1600w\" sizes=\"(max-width: 1024px) 100vw, 1024px\" \/>\t\t\t\t\t\t\t\t\t\t\t\t\t\t\t<\/div>\n\t\t\t\t<\/div>\n\t\t\t\t\t<\/div>\n\t\t<\/div>\n\t\t\t\t\t<\/div>\n\t\t<\/section>\n\t\t\t\t<\/div>\n\t\t","protected":false},"excerpt":{"rendered":"<p>Le Road Tour Le Road Tour Sports pour Tous est pass\u00e9 par Br\u00e9tignolles sur Mer, le samedi 08 Octobre 2022 ! Gr\u00e2ce \u00e0 une superbe journ\u00e9e ensoleill\u00e9e d\u2019Automne, cette manifestation a \u00e9t\u00e9 enti\u00e8rement r\u00e9ussie, malgr\u00e9 la faible participation des habitants de Br\u00e9tignolles\u2026 Heureusement, les adh\u00e9rents de l\u2019Amicale des Retrait\u00e9s de Br\u00e9tignolles sur Mer ont r\u00e9pondu [&hellip;]<\/p>\n","protected":false},"author":1,"featured_media":0,"parent":0,"menu_order":0,"comment_status":"closed","ping_status":"closed","template":"","meta":{"site-sidebar-layout":"no-sidebar","site-content-layout":"page-builder","ast-site-content-layout":"default","site-content-style":"default","site-sidebar-style":"default","ast-global-header-display":"","ast-banner-title-visibility":"","ast-main-header-display":"","ast-hfb-above-header-display":"","ast-hfb-below-header-display":"","ast-hfb-mobile-header-display":"","site-post-title":"disabled","ast-breadcrumbs-content":"","ast-featured-img":"disabled","footer-sml-layout":"","ast-disable-related-posts":"","theme-transparent-header-meta":"","adv-header-id-meta":"","stick-header-meta":"","header-above-stick-meta":"","header-main-stick-meta":"","header-below-stick-meta":"","astra-migrate-meta-layouts":"default","ast-page-background-enabled":"default","ast-page-background-meta":{"desktop":{"background-color":"var(--ast-global-color-4)","background-image":"","background-repeat":"repeat","background-position":"center center","background-size":"auto","background-attachment":"scroll","background-type":"","background-media":"","overlay-type":"","overlay-color":"","overlay-opacity":"","overlay-gradient":""},"tablet":{"background-color":"","background-image":"","background-repeat":"repeat","background-position":"center center","background-size":"auto","background-attachment":"scroll","background-type":"","background-media":"","overlay-type":"","overlay-color":"","overlay-opacity":"","overlay-gradient":""},"mobile":{"background-color":"","background-image":"","background-repeat":"repeat","background-position":"center center","background-size":"auto","background-attachment":"scroll","background-type":"","background-media":"","overlay-type":"","overlay-color":"","overlay-opacity":"","overlay-gradient":""}},"ast-content-background-meta":{"desktop":{"background-color":"var(--ast-global-color-5)","background-image":"","background-repeat":"repeat","background-position":"center center","background-size":"auto","background-attachment":"scroll","background-type":"","background-media":"","overlay-type":"","overlay-color":"","overlay-opacity":"","overlay-gradient":""},"tablet":{"background-color":"var(--ast-global-color-5)","background-image":"","background-repeat":"repeat","background-position":"center center","background-size":"auto","background-attachment":"scroll","background-type":"","background-media":"","overlay-type":"","overlay-color":"","overlay-opacity":"","overlay-gradient":""},"mobile":{"background-color":"var(--ast-global-color-5)","background-image":"","background-repeat":"repeat","background-position":"center center","background-size":"auto","background-attachment":"scroll","background-type":"","background-media":"","overlay-type":"","overlay-color":"","overlay-opacity":"","overlay-gradient":""}},"footnotes":""},"class_list":["post-266","page","type-page","status-publish","hentry"],"_links":{"self":[{"href":"https:\/\/amicale-retraites-bretignolles-sur-mer.fr\/index.php\/wp-json\/wp\/v2\/pages\/266","targetHints":{"allow":["GET"]}}],"collection":[{"href":"https:\/\/amicale-retraites-bretignolles-sur-mer.fr\/index.php\/wp-json\/wp\/v2\/pages"}],"about":[{"href":"https:\/\/amicale-retraites-bretignolles-sur-mer.fr\/index.php\/wp-json\/wp\/v2\/types\/page"}],"author":[{"embeddable":true,"href":"https:\/\/amicale-retraites-bretignolles-sur-mer.fr\/index.php\/wp-json\/wp\/v2\/users\/1"}],"replies":[{"embeddable":true,"href":"https:\/\/amicale-retraites-bretignolles-sur-mer.fr\/index.php\/wp-json\/wp\/v2\/comments?post=266"}],"version-history":[{"count":3,"href":"https:\/\/amicale-retraites-bretignolles-sur-mer.fr\/index.php\/wp-json\/wp\/v2\/pages\/266\/revisions"}],"predecessor-version":[{"id":15894,"href":"https:\/\/amicale-retraites-bretignolles-sur-mer.fr\/index.php\/wp-json\/wp\/v2\/pages\/266\/revisions\/15894"}],"wp:attachment":[{"href":"https:\/\/amicale-retraites-bretignolles-sur-mer.fr\/index.php\/wp-json\/wp\/v2\/media?parent=266"}],"curies":[{"name":"wp","href":"https:\/\/api.w.org\/{rel}","templated":true}]}}