{"id":305,"date":"2023-02-25T15:05:57","date_gmt":"2023-02-25T14:05:57","guid":{"rendered":"https:\/\/amicale-retraites-bretignolles-sur-mer.fr\/?page_id=305"},"modified":"2023-03-16T19:59:20","modified_gmt":"2023-03-16T18:59:20","slug":"carte-postale","status":"publish","type":"page","link":"https:\/\/amicale-retraites-bretignolles-sur-mer.fr\/index.php\/carte-postale\/","title":{"rendered":"Carte Postale"},"content":{"rendered":"\t\t<div data-elementor-type=\"wp-page\" data-elementor-id=\"305\" class=\"elementor elementor-305\">\n\t\t\t\t\t\t<section class=\"elementor-section elementor-top-section elementor-element elementor-element-c188036 elementor-section-boxed elementor-section-height-default elementor-section-height-default\" data-id=\"c188036\" data-element_type=\"section\" data-e-type=\"section\">\n\t\t\t\t\t\t<div class=\"elementor-container elementor-column-gap-default\">\n\t\t\t\t\t<div class=\"elementor-column elementor-col-100 elementor-top-column elementor-element elementor-element-7d6842e\" data-id=\"7d6842e\" data-element_type=\"column\" data-e-type=\"column\">\n\t\t\t<div class=\"elementor-widget-wrap elementor-element-populated\">\n\t\t\t\t\t\t<div class=\"elementor-element elementor-element-0cce62e elementor-widget elementor-widget-spacer\" data-id=\"0cce62e\" data-element_type=\"widget\" data-e-type=\"widget\" data-widget_type=\"spacer.default\">\n\t\t\t\t<div class=\"elementor-widget-container\">\n\t\t\t\t\t\t\t<div class=\"elementor-spacer\">\n\t\t\t<div class=\"elementor-spacer-inner\"><\/div>\n\t\t<\/div>\n\t\t\t\t\t\t<\/div>\n\t\t\t\t<\/div>\n\t\t\t\t\t<\/div>\n\t\t<\/div>\n\t\t\t\t\t<\/div>\n\t\t<\/section>\n\t\t\t\t<section class=\"elementor-section elementor-top-section elementor-element elementor-element-2867407 elementor-section-boxed elementor-section-height-default elementor-section-height-default\" data-id=\"2867407\" data-element_type=\"section\" data-e-type=\"section\">\n\t\t\t\t\t\t<div class=\"elementor-container elementor-column-gap-default\">\n\t\t\t\t\t<div class=\"elementor-column elementor-col-100 elementor-top-column elementor-element elementor-element-09eefa5\" data-id=\"09eefa5\" data-element_type=\"column\" data-e-type=\"column\">\n\t\t\t<div class=\"elementor-widget-wrap elementor-element-populated\">\n\t\t\t\t\t\t<div class=\"elementor-element elementor-element-5421b05 elementor-widget elementor-widget-heading\" data-id=\"5421b05\" data-element_type=\"widget\" data-e-type=\"widget\" data-widget_type=\"heading.default\">\n\t\t\t\t<div class=\"elementor-widget-container\">\n\t\t\t\t\t<h2 class=\"elementor-heading-title elementor-size-default\">Carte Postale<\/h2>\t\t\t\t<\/div>\n\t\t\t\t<\/div>\n\t\t\t\t\t<\/div>\n\t\t<\/div>\n\t\t\t\t\t<\/div>\n\t\t<\/section>\n\t\t\t\t<section class=\"elementor-section elementor-top-section elementor-element elementor-element-1ebcd59 elementor-section-boxed elementor-section-height-default elementor-section-height-default\" data-id=\"1ebcd59\" data-element_type=\"section\" data-e-type=\"section\">\n\t\t\t\t\t\t<div class=\"elementor-container elementor-column-gap-default\">\n\t\t\t\t\t<div class=\"elementor-column elementor-col-33 elementor-top-column elementor-element elementor-element-5b5d9a1\" data-id=\"5b5d9a1\" data-element_type=\"column\" data-e-type=\"column\">\n\t\t\t<div class=\"elementor-widget-wrap elementor-element-populated\">\n\t\t\t\t\t\t<div class=\"elementor-element elementor-element-b2fbc43 elementor-widget elementor-widget-image\" data-id=\"b2fbc43\" data-element_type=\"widget\" data-e-type=\"widget\" data-widget_type=\"image.default\">\n\t\t\t\t<div class=\"elementor-widget-container\">\n\t\t\t\t\t\t\t\t\t\t\t\t\t\t\t<img fetchpriority=\"high\" decoding=\"async\" width=\"1024\" height=\"572\" src=\"https:\/\/amicale-retraites-bretignolles-sur-mer.fr\/wp-content\/uploads\/2023\/02\/bret002-1024x572.jpg\" class=\"attachment-large size-large wp-image-737\" alt=\"\" srcset=\"https:\/\/amicale-retraites-bretignolles-sur-mer.fr\/wp-content\/uploads\/2023\/02\/bret002-1024x572.jpg 1024w, https:\/\/amicale-retraites-bretignolles-sur-mer.fr\/wp-content\/uploads\/2023\/02\/bret002-300x168.jpg 300w, https:\/\/amicale-retraites-bretignolles-sur-mer.fr\/wp-content\/uploads\/2023\/02\/bret002-768x429.jpg 768w, https:\/\/amicale-retraites-bretignolles-sur-mer.fr\/wp-content\/uploads\/2023\/02\/bret002.jpg 1289w\" sizes=\"(max-width: 1024px) 100vw, 1024px\" \/>\t\t\t\t\t\t\t\t\t\t\t\t\t\t\t<\/div>\n\t\t\t\t<\/div>\n\t\t\t\t\t<\/div>\n\t\t<\/div>\n\t\t\t\t<div class=\"elementor-column elementor-col-33 elementor-top-column elementor-element elementor-element-87dee7c\" data-id=\"87dee7c\" data-element_type=\"column\" data-e-type=\"column\">\n\t\t\t<div class=\"elementor-widget-wrap elementor-element-populated\">\n\t\t\t\t\t\t<div class=\"elementor-element elementor-element-45ed55d elementor-widget elementor-widget-image\" data-id=\"45ed55d\" data-element_type=\"widget\" data-e-type=\"widget\" data-widget_type=\"image.default\">\n\t\t\t\t<div class=\"elementor-widget-container\">\n\t\t\t\t\t\t\t\t\t\t\t\t\t\t\t<img decoding=\"async\" width=\"1024\" height=\"571\" src=\"https:\/\/amicale-retraites-bretignolles-sur-mer.fr\/wp-content\/uploads\/2023\/02\/breti001-1024x571.jpg\" class=\"attachment-large size-large wp-image-738\" alt=\"\" srcset=\"https:\/\/amicale-retraites-bretignolles-sur-mer.fr\/wp-content\/uploads\/2023\/02\/breti001-1024x571.jpg 1024w, https:\/\/amicale-retraites-bretignolles-sur-mer.fr\/wp-content\/uploads\/2023\/02\/breti001-300x167.jpg 300w, https:\/\/amicale-retraites-bretignolles-sur-mer.fr\/wp-content\/uploads\/2023\/02\/breti001-768x428.jpg 768w, https:\/\/amicale-retraites-bretignolles-sur-mer.fr\/wp-content\/uploads\/2023\/02\/breti001.jpg 1292w\" sizes=\"(max-width: 1024px) 100vw, 1024px\" \/>\t\t\t\t\t\t\t\t\t\t\t\t\t\t\t<\/div>\n\t\t\t\t<\/div>\n\t\t\t\t\t<\/div>\n\t\t<\/div>\n\t\t\t\t<div class=\"elementor-column elementor-col-33 elementor-top-column elementor-element elementor-element-5cb7bcd\" data-id=\"5cb7bcd\" data-element_type=\"column\" data-e-type=\"column\">\n\t\t\t<div class=\"elementor-widget-wrap elementor-element-populated\">\n\t\t\t\t\t\t<div class=\"elementor-element elementor-element-45ce431 elementor-widget elementor-widget-image\" data-id=\"45ce431\" data-element_type=\"widget\" data-e-type=\"widget\" data-widget_type=\"image.default\">\n\t\t\t\t<div class=\"elementor-widget-container\">\n\t\t\t\t\t\t\t\t\t\t\t\t\t\t\t<img decoding=\"async\" width=\"1024\" height=\"576\" src=\"https:\/\/amicale-retraites-bretignolles-sur-mer.fr\/wp-content\/uploads\/2023\/02\/breti008-1-1024x576.jpg\" class=\"attachment-large size-large wp-image-740\" alt=\"\" srcset=\"https:\/\/amicale-retraites-bretignolles-sur-mer.fr\/wp-content\/uploads\/2023\/02\/breti008-1-1024x576.jpg 1024w, https:\/\/amicale-retraites-bretignolles-sur-mer.fr\/wp-content\/uploads\/2023\/02\/breti008-1-300x169.jpg 300w, https:\/\/amicale-retraites-bretignolles-sur-mer.fr\/wp-content\/uploads\/2023\/02\/breti008-1-768x432.jpg 768w, https:\/\/amicale-retraites-bretignolles-sur-mer.fr\/wp-content\/uploads\/2023\/02\/breti008-1.jpg 1165w\" sizes=\"(max-width: 1024px) 100vw, 1024px\" \/>\t\t\t\t\t\t\t\t\t\t\t\t\t\t\t<\/div>\n\t\t\t\t<\/div>\n\t\t\t\t\t<\/div>\n\t\t<\/div>\n\t\t\t\t\t<\/div>\n\t\t<\/section>\n\t\t\t\t<section class=\"elementor-section elementor-top-section elementor-element elementor-element-0f44a44 elementor-section-boxed elementor-section-height-default elementor-section-height-default\" data-id=\"0f44a44\" data-element_type=\"section\" data-e-type=\"section\">\n\t\t\t\t\t\t<div class=\"elementor-container elementor-column-gap-default\">\n\t\t\t\t\t<div class=\"elementor-column elementor-col-100 elementor-top-column elementor-element elementor-element-aef0397\" data-id=\"aef0397\" data-element_type=\"column\" data-e-type=\"column\">\n\t\t\t<div class=\"elementor-widget-wrap elementor-element-populated\">\n\t\t\t\t\t\t<div class=\"elementor-element elementor-element-1b8afcc elementor-widget elementor-widget-text-editor\" data-id=\"1b8afcc\" data-element_type=\"widget\" data-e-type=\"widget\" data-widget_type=\"text-editor.default\">\n\t\t\t\t<div class=\"elementor-widget-container\">\n\t\t\t\t\t\t\t\t\t<p>De Br\u00e9tignolles \u00e0 Br\u00e9tignolles sur Mer<\/p><p>A l\u2019origine la commune se nommait \u201cBr\u00e9tignolles\u201d. A partir du 23 Juillet 1919, la ville prend officiellement\u00a0 le nom de \u201cBr\u00e9tignolles-sur-Mer\u201d. Selon la l\u00e9gende, la commune doit son nom \u00e0 un capitaine de vaisseau appel\u00e9 \u00ab Br\u00e9tignolus \u00bb qui aurait fond\u00e9 la ville apr\u00e8s avoir mouill\u00e9 sa flotte dans le golfe des Olonnes et \u00e9tabli son camp sur le territoire br\u00e9tignollais au IV<sup>e<\/sup>\u00a0si\u00e8cle.<\/p><p>Le Br\u00e9tignolles historique fait partie du Pays de Brem, limit\u00e9 au Sud par le Havre de la Gach\u00e8re et les marais, et au Nord par les \u00eeles de Riez et de Monts. Il forme, \u00e0 l\u2019\u00e9poque, le golfe des Olonnes.On y retrouve l\u2019existence d\u2019un port qui aurait arm\u00e9 des b\u00e2timents pour la p\u00eache \u00e0 la baleine.<\/p><p>Les traces d\u2019un habitat pr\u00e9historique<\/p><p>La commune rec\u00e8le sur son territoire les traces d\u2019une vie et d\u2019un habitat pr\u00e9historiques avec la d\u00e9couverte de poteries, silex et m\u00e9galithes \u00e9rig\u00e9s il y a plus de 5 000 ans. Sur la plage de la Par\u00e9e, les champs de tourbes o\u00f9 l\u2019on reconnait les troncs et les racines d\u2019arbres tr\u00e8s anciens, sont les t\u00e9moins d\u2019une ancienne for\u00eat engloutie par la mer.<\/p><p>Les Br\u00e9tignollais sujets anglais<\/p><p>Les Celtes et Pictons ont colonis\u00e9 le territoire Br\u00e9tignollais au d\u00e9but de notre \u00e8re, avant l\u2019arriv\u00e9e des Romains et des pirates Normands au 9<sup>e<\/sup>\u00a0si\u00e8cle et des Anglais en 1154. En effet, par le mariage d\u2019Ali\u00e9nor d\u2019Aquitaine et du roi d\u2019Angleterre, la province du Poitou devient anglaise et les Br\u00e9tignollais sujets du roi d\u2019Angleterre. Chass\u00e9s sous le r\u00e8gne de Saint-Louis, les Anglais revinrent n\u00e9anmoins avec la guerre de Cent ans et, d\u00e8s 1356, s\u2019installent sur la c\u00f4te br\u00e9tignollaise jusqu\u2019\u00e0 la lib\u00e9ration de la r\u00e9gion par Jeanne-d\u2019Arc et Charles VII.<\/p><p>La visite du roi de France<\/p><p>Au Moyen-\u00e2ge, Br\u00e9tignolles fait partie int\u00e9grante de la baronnie du Brandoise, commun\u00e9ment appel\u00e9e Pays de Brem, qui s\u2019\u00e9tend du Jaunay \u00e0 l\u2019Auzance.<\/p><p>Vers 1450, la famille Maucl\u00e8re, ancienne chevalerie, \u00e9difie un manoir qui aujourd\u2019hui constitue l\u2019\u00e9l\u00e9ment historique de l\u2019actuel ch\u00e2teau de Beaumarchais. En 1552, le domaine est acquis par un armateur, Robert Bouhier de l\u2019Ecluse qui s\u2019\u00e9tait enrichi gr\u00e2ce au commerce de la mer. Son fils, Vincent Bouhier de l\u2019Ecluse h\u00e9rite. Il fait agrandir le ch\u00e2teau de Beaumarchais en y ajoutant des ailes.<\/p><p>Henri IV, son ami, devenu roi de France y s\u00e9journa avec sa suite. Une chambre du ch\u00e2teau porte encore aujourd\u2019hui son nom. Durant le s\u00e9jour du roi, Vincent Bouhier de l\u2019Ecluse organisa une chasse durant laquelle il fit d\u00e9couvrir \u00e0 Henri IV un vin de son cru. Le roi de France le but d\u2019un trait, en s\u2019exclamant : \u201c<em>Excellent breuvage, vos fiefs sont dignes d\u2019\u00eatre connus, je reviendrai\u2026\u201d\u00a0<\/em>Un compliment royal qui aurait contribu\u00e9 \u00e0 la renomm\u00e9e des vins de Br\u00e9tignolles et du Pays de Brem.<\/p><p>BR\u00c9TIGNOLLES aux XIX<sup>E<\/sup>\u00a0et XX<sup>E<\/sup>\u00a0SI\u00c8CLES<\/p><p>Au XIX<sup>e<\/sup>, la population de la commune se compose presque exclusivement d\u2019agriculteurs et de quelques artisans ruraux. Au d\u00e9but XX<sup>e<\/sup>\u00a0si\u00e8cle, quelques jeunes hommes de Br\u00e9tignolles, ayant accompli leur service militaire dans la marine, se lancent dans la p\u00eache c\u00f4ti\u00e8re avec de petits bateaux. \u00c0 cette \u00e9poque, la crevette rose est abondante sur le littoral vend\u00e9en. La flottille de Br\u00e9tignolles compte jusqu\u2019\u00e0 une quinzaine de bateaux. Deux lieux \u201cd\u2019accostement\u201d existent alors : l\u2019un \u00e0 la Par\u00e9e, l\u2019autre \u00e0 la Sauzaie.<\/p><p>En 1854, Br\u00e9tignolles r\u00e9duit son territoire au Nord, en remettant gracieusement trois kilom\u00e8tres de c\u00f4te, \u00e0 la ville de Saint Gilles afin de lui permettre d\u2019avoir une fa\u00e7ade sur la mer et de devenir une station baln\u00e9aire.<\/p><p>En 1929, le profil de la population change peu, m\u00eame si, aux agriculteurs s\u2019ajoutent d\u00e9sormais les ouvriers. En effet, des chantiers se sont install\u00e9s dans le b\u00e2timent et aux carri\u00e8res d\u2019extraction de pierre \u00e0 Brem et au Brethom\u00e9.<\/p><p>Malgr\u00e9 l\u2019arriv\u00e9e de cette nouvelle population dans le courant XX<sup>e<\/sup>, le Br\u00e9tignolles d\u2019apr\u00e8s-guerre reste cependant tr\u00e8s rural. La commune a subi l\u2019Occupation et tout est \u00e0 refaire. D\u00e8s 1945, quelques br\u00e9tignollais se lancent dans la culture du tabac. Un an plus tard, la commune recense plus de 120 planteurs. Un syndicat est constitu\u00e9. C\u2019est le d\u00e9but d\u2019une petite prosp\u00e9rit\u00e9 pour la ville.\u00a0<\/p><p>Dans les ann\u00e9es 50, le tourisme commence \u00e0 peine \u00e0 se d\u00e9velopper sur la c\u00f4te br\u00e9tignollaise. Il faudra notamment attendre la r\u00e9alisation de la route de la Corniche en 1960 pour, qu\u2019en quelques ann\u00e9es, plus d\u2019une centaine de r\u00e9sidences secondaires ne voient le jour\u2026Le tourisme \u00e0 Br\u00e9tignolles est lanc\u00e9.<\/p>\t\t\t\t\t\t\t\t<\/div>\n\t\t\t\t<\/div>\n\t\t\t\t\t<\/div>\n\t\t<\/div>\n\t\t\t\t\t<\/div>\n\t\t<\/section>\n\t\t\t\t<section class=\"elementor-section elementor-top-section elementor-element elementor-element-e7a6709 elementor-section-boxed elementor-section-height-default elementor-section-height-default\" data-id=\"e7a6709\" data-element_type=\"section\" data-e-type=\"section\">\n\t\t\t\t\t\t<div class=\"elementor-container elementor-column-gap-default\">\n\t\t\t\t\t<div class=\"elementor-column elementor-col-100 elementor-top-column elementor-element elementor-element-8930e21\" data-id=\"8930e21\" data-element_type=\"column\" data-e-type=\"column\">\n\t\t\t<div class=\"elementor-widget-wrap elementor-element-populated\">\n\t\t\t\t\t\t<div class=\"elementor-element elementor-element-317a523 elementor-align-center elementor-widget elementor-widget-button\" data-id=\"317a523\" data-element_type=\"widget\" data-e-type=\"widget\" data-widget_type=\"button.default\">\n\t\t\t\t<div class=\"elementor-widget-container\">\n\t\t\t\t\t\t\t\t\t<div class=\"elementor-button-wrapper\">\n\t\t\t\t\t<a class=\"elementor-button elementor-button-link elementor-size-sm\" href=\"https:\/\/photos.app.goo.gl\/XPqrfPEsX8NCb2gRA\" target=\"_blank\">\n\t\t\t\t\t\t<span class=\"elementor-button-content-wrapper\">\n\t\t\t\t\t\t\t\t\t<span class=\"elementor-button-text\">L'album des cartes postales<\/span>\n\t\t\t\t\t<\/span>\n\t\t\t\t\t<\/a>\n\t\t\t\t<\/div>\n\t\t\t\t\t\t\t\t<\/div>\n\t\t\t\t<\/div>\n\t\t\t\t\t<\/div>\n\t\t<\/div>\n\t\t\t\t\t<\/div>\n\t\t<\/section>\n\t\t\t\t<section class=\"elementor-section elementor-top-section elementor-element elementor-element-d09cdc5 elementor-section-boxed elementor-section-height-default elementor-section-height-default\" data-id=\"d09cdc5\" data-element_type=\"section\" data-e-type=\"section\">\n\t\t\t\t\t\t<div class=\"elementor-container elementor-column-gap-default\">\n\t\t\t\t\t<div class=\"elementor-column elementor-col-100 elementor-top-column elementor-element elementor-element-d292238\" data-id=\"d292238\" data-element_type=\"column\" data-e-type=\"column\">\n\t\t\t<div class=\"elementor-widget-wrap elementor-element-populated\">\n\t\t\t\t\t\t<div class=\"elementor-element elementor-element-cda9fcf elementor-widget elementor-widget-text-editor\" data-id=\"cda9fcf\" data-element_type=\"widget\" data-e-type=\"widget\" data-widget_type=\"text-editor.default\">\n\t\t\t\t<div class=\"elementor-widget-container\">\n\t\t\t\t\t\t\t\t\t<p>[Histoire de la ville &#8211; Patrimoine &#8211; Histoire de &#8230; ] Le groupe de travail municipal sur le patrimoine de Br\u00e9tignolles sur Mer a le plaisir de partager avec vous son travail sur l&rsquo;Histoire et le patrimoine br\u00e9tignollais :\u00a0<\/p><p><a style=\"font-family: var( --e-global-typography-text-font-family ), Sans-serif; font-weight: var( --e-global-typography-text-font-weight ); background-color: #7ea0ed; font-size: 1rem;\" href=\"http:\/\/www.bretignolles-sur-mer.fr\/module-Contenus-viewpub-tid-2-pid-183.html?fbclid=IwAR0q-hG8NbDgJZdKoaYwr1ShRNTpF1Ly5OTmmtMvIdJvNr7k-p4pNvO2M60\">Mairie de Bretignolles-sur-mer (85) &#8211; D\u00e9couvrir Br\u00e9tignolles &gt; Histoire de la ville &gt; Patrimoine : Histoire(s) de \u2026<\/a><\/p>\t\t\t\t\t\t\t\t<\/div>\n\t\t\t\t<\/div>\n\t\t\t\t\t<\/div>\n\t\t<\/div>\n\t\t\t\t\t<\/div>\n\t\t<\/section>\n\t\t\t\t<\/div>\n\t\t","protected":false},"excerpt":{"rendered":"<p>Carte Postale De Br\u00e9tignolles \u00e0 Br\u00e9tignolles sur Mer A l\u2019origine la commune se nommait \u201cBr\u00e9tignolles\u201d. A partir du 23 Juillet 1919, la ville prend officiellement\u00a0 le nom de \u201cBr\u00e9tignolles-sur-Mer\u201d. Selon la l\u00e9gende, la commune doit son nom \u00e0 un capitaine de vaisseau appel\u00e9 \u00ab Br\u00e9tignolus \u00bb qui aurait fond\u00e9 la ville apr\u00e8s avoir mouill\u00e9 sa [&hellip;]<\/p>\n","protected":false},"author":1,"featured_media":0,"parent":0,"menu_order":0,"comment_status":"closed","ping_status":"closed","template":"","meta":{"site-sidebar-layout":"no-sidebar","site-content-layout":"page-builder","ast-site-content-layout":"default","site-content-style":"default","site-sidebar-style":"default","ast-global-header-display":"","ast-banner-title-visibility":"","ast-main-header-display":"","ast-hfb-above-header-display":"","ast-hfb-below-header-display":"","ast-hfb-mobile-header-display":"","site-post-title":"disabled","ast-breadcrumbs-content":"","ast-featured-img":"disabled","footer-sml-layout":"","ast-disable-related-posts":"","theme-transparent-header-meta":"","adv-header-id-meta":"","stick-header-meta":"","header-above-stick-meta":"","header-main-stick-meta":"","header-below-stick-meta":"","astra-migrate-meta-layouts":"default","ast-page-background-enabled":"default","ast-page-background-meta":{"desktop":{"background-color":"var(--ast-global-color-4)","background-image":"","background-repeat":"repeat","background-position":"center center","background-size":"auto","background-attachment":"scroll","background-type":"","background-media":"","overlay-type":"","overlay-color":"","overlay-opacity":"","overlay-gradient":""},"tablet":{"background-color":"","background-image":"","background-repeat":"repeat","background-position":"center center","background-size":"auto","background-attachment":"scroll","background-type":"","background-media":"","overlay-type":"","overlay-color":"","overlay-opacity":"","overlay-gradient":""},"mobile":{"background-color":"","background-image":"","background-repeat":"repeat","background-position":"center center","background-size":"auto","background-attachment":"scroll","background-type":"","background-media":"","overlay-type":"","overlay-color":"","overlay-opacity":"","overlay-gradient":""}},"ast-content-background-meta":{"desktop":{"background-color":"var(--ast-global-color-5)","background-image":"","background-repeat":"repeat","background-position":"center center","background-size":"auto","background-attachment":"scroll","background-type":"","background-media":"","overlay-type":"","overlay-color":"","overlay-opacity":"","overlay-gradient":""},"tablet":{"background-color":"var(--ast-global-color-5)","background-image":"","background-repeat":"repeat","background-position":"center center","background-size":"auto","background-attachment":"scroll","background-type":"","background-media":"","overlay-type":"","overlay-color":"","overlay-opacity":"","overlay-gradient":""},"mobile":{"background-color":"var(--ast-global-color-5)","background-image":"","background-repeat":"repeat","background-position":"center center","background-size":"auto","background-attachment":"scroll","background-type":"","background-media":"","overlay-type":"","overlay-color":"","overlay-opacity":"","overlay-gradient":""}},"footnotes":""},"class_list":["post-305","page","type-page","status-publish","hentry"],"_links":{"self":[{"href":"https:\/\/amicale-retraites-bretignolles-sur-mer.fr\/index.php\/wp-json\/wp\/v2\/pages\/305","targetHints":{"allow":["GET"]}}],"collection":[{"href":"https:\/\/amicale-retraites-bretignolles-sur-mer.fr\/index.php\/wp-json\/wp\/v2\/pages"}],"about":[{"href":"https:\/\/amicale-retraites-bretignolles-sur-mer.fr\/index.php\/wp-json\/wp\/v2\/types\/page"}],"author":[{"embeddable":true,"href":"https:\/\/amicale-retraites-bretignolles-sur-mer.fr\/index.php\/wp-json\/wp\/v2\/users\/1"}],"replies":[{"embeddable":true,"href":"https:\/\/amicale-retraites-bretignolles-sur-mer.fr\/index.php\/wp-json\/wp\/v2\/comments?post=305"}],"version-history":[{"count":0,"href":"https:\/\/amicale-retraites-bretignolles-sur-mer.fr\/index.php\/wp-json\/wp\/v2\/pages\/305\/revisions"}],"wp:attachment":[{"href":"https:\/\/amicale-retraites-bretignolles-sur-mer.fr\/index.php\/wp-json\/wp\/v2\/media?parent=305"}],"curies":[{"name":"wp","href":"https:\/\/api.w.org\/{rel}","templated":true}]}}